{"id":2355,"date":"2023-07-11T10:56:13","date_gmt":"2023-07-11T08:56:13","guid":{"rendered":"https:\/\/iicmarsiglia.esteri.it\/?page_id=2355"},"modified":"2023-07-11T12:05:29","modified_gmt":"2023-07-11T10:05:29","slug":"materiel-interessant","status":"publish","type":"page","link":"https:\/\/iicmarsiglia.esteri.it\/fr\/news\/multimedia\/materiel-interessant\/","title":{"rendered":"Mat\u00e9riel int\u00e9ressant"},"content":{"rendered":"<p>Voici les pr\u00e9sentations en PDF de la conf\u00e9rence du 6 juillet 2023 sur l&rsquo;\u00e9cologie marine, organis\u00e9e \u00e0 l&rsquo;occasion de l&rsquo;escale du voilier \u00ab\u00a0Amerigo Vespucci\u00a0\u00bb de la marine italienne.<\/p>\n<p><a href=\"https:\/\/iicmarsiglia.esteri.it\/wp-content\/uploads\/2023\/07\/boero-marseille_compressed.pdf\">\u00ab\u00a0Comment fonctionne le monde\u00a0\u00bb di Ferdinando Boero <\/a><\/p>\n<p><a href=\"https:\/\/iicmarsiglia.esteri.it\/wp-content\/uploads\/2023\/07\/Conference-Boudouresque-ICI-Juillet-2023_compressed.pdf\">\u00ab\u00a0Une science qui change, dans un monde qui change\u00a0\u00bb di Charles-Fran\u00e7ois Boudouresque <\/a><\/p>\n","protected":false},"excerpt":{"rendered":"Voici les pr\u00e9sentations en PDF de la conf\u00e9rence du 6 juillet 2023 sur l&rsquo;\u00e9cologie marine, organis\u00e9e \u00e0 l&rsquo;occasion de l&rsquo;escale du voilier \u00ab\u00a0Amerigo Vespucci\u00a0\u00bb de la marine italienne. \u00ab\u00a0Comment fonctionne le monde\u00a0\u00bb di Ferdinando Boero \u00ab\u00a0Une science qui change, dans un monde qui change\u00a0\u00bb di Charles-Fran\u00e7ois Boudouresque","protected":false},"author":3,"featured_media":0,"parent":96,"menu_order":0,"comment_status":"closed","ping_status":"closed","template":"","meta":{"footnotes":""},"class_list":["post-2355","page","type-page","status-publish","hentry"],"_links":{"self":[{"href":"https:\/\/iicmarsiglia.esteri.it\/fr\/wp-json\/wp\/v2\/pages\/2355","targetHints":{"allow":["GET"]}}],"collection":[{"href":"https:\/\/iicmarsiglia.esteri.it\/fr\/wp-json\/wp\/v2\/pages"}],"about":[{"href":"https:\/\/iicmarsiglia.esteri.it\/fr\/wp-json\/wp\/v2\/types\/page"}],"author":[{"embeddable":true,"href":"https:\/\/iicmarsiglia.esteri.it\/fr\/wp-json\/wp\/v2\/users\/3"}],"replies":[{"embeddable":true,"href":"https:\/\/iicmarsiglia.esteri.it\/fr\/wp-json\/wp\/v2\/comments?post=2355"}],"version-history":[{"count":0,"href":"https:\/\/iicmarsiglia.esteri.it\/fr\/wp-json\/wp\/v2\/pages\/2355\/revisions"}],"up":[{"embeddable":true,"href":"https:\/\/iicmarsiglia.esteri.it\/fr\/wp-json\/wp\/v2\/pages\/96"}],"wp:attachment":[{"href":"https:\/\/iicmarsiglia.esteri.it\/fr\/wp-json\/wp\/v2\/media?parent=2355"}],"curies":[{"name":"wp","href":"https:\/\/api.w.org\/{rel}","templated":true}]}}