{"id":4089,"date":"2024-01-26T12:05:15","date_gmt":"2024-01-26T11:05:15","guid":{"rendered":"https:\/\/iicmarsiglia.esteri.it\/?page_id=4089"},"modified":"2024-01-30T09:46:01","modified_gmt":"2024-01-30T08:46:01","slug":"offre-pedagogique-2","status":"publish","type":"page","link":"https:\/\/iicmarsiglia.esteri.it\/fr\/lingua-e-cultura\/i-corsi-di-lingua\/offre-pedagogique-2\/","title":{"rendered":"Offre p\u00e9dagogique"},"content":{"rendered":"<p>Les cours dispens\u00e9s par l\u2019IIC sont organis\u00e9s par niveaux de comp\u00e9tence, du A1 (\u201c\u00e9l\u00e9mentaire\u201d) au C2 (\u201cexp\u00e9riment\u00e9\u201d), conform\u00e9ment au <a href=\"https:\/\/www.coe.int\/fr\/web\/common-european-framework-reference-languages\">cadre europ\u00e9en de r\u00e9f\u00e9rence pour les langues<\/a>. Les niveaux sont \u00e9tablis sur la base du positionnement de l\u2019\u00e9l\u00e8ve dans quatre domaines de comp\u00e9tence\u00a0: compr\u00e9hension \u00e9crite, compr\u00e9hension orale, production \u00e9crite et production orale.<\/p>\n<p>L\u2019offre de l\u2019Istituto comprend des cours g\u00e9n\u00e9raux et th\u00e9matiques, collectifs et particuliers, en pr\u00e9sentiel et en distanciel. Naviguez dans le menu \u00e0 droite pour choisir le cours qui correspond le mieux \u00e0 vos besoins et \u00e0 vos int\u00e9r\u00eats.<\/p>\n","protected":false},"excerpt":{"rendered":"Les cours dispens\u00e9s par l\u2019IIC sont organis\u00e9s par niveaux de comp\u00e9tence, du A1 (\u201c\u00e9l\u00e9mentaire\u201d) au C2 (\u201cexp\u00e9riment\u00e9\u201d), conform\u00e9ment au cadre europ\u00e9en de r\u00e9f\u00e9rence pour les langues. Les niveaux sont \u00e9tablis sur la base du positionnement de l\u2019\u00e9l\u00e8ve dans quatre domaines de comp\u00e9tence\u00a0: compr\u00e9hension \u00e9crite, compr\u00e9hension orale, production \u00e9crite et production orale. L\u2019offre de l\u2019Istituto comprend [&hellip;]","protected":false},"author":4,"featured_media":0,"parent":88,"menu_order":4,"comment_status":"closed","ping_status":"closed","template":"","meta":{"footnotes":""},"class_list":["post-4089","page","type-page","status-publish","hentry"],"_links":{"self":[{"href":"https:\/\/iicmarsiglia.esteri.it\/fr\/wp-json\/wp\/v2\/pages\/4089","targetHints":{"allow":["GET"]}}],"collection":[{"href":"https:\/\/iicmarsiglia.esteri.it\/fr\/wp-json\/wp\/v2\/pages"}],"about":[{"href":"https:\/\/iicmarsiglia.esteri.it\/fr\/wp-json\/wp\/v2\/types\/page"}],"author":[{"embeddable":true,"href":"https:\/\/iicmarsiglia.esteri.it\/fr\/wp-json\/wp\/v2\/users\/4"}],"replies":[{"embeddable":true,"href":"https:\/\/iicmarsiglia.esteri.it\/fr\/wp-json\/wp\/v2\/comments?post=4089"}],"version-history":[{"count":1,"href":"https:\/\/iicmarsiglia.esteri.it\/fr\/wp-json\/wp\/v2\/pages\/4089\/revisions"}],"predecessor-version":[{"id":4092,"href":"https:\/\/iicmarsiglia.esteri.it\/fr\/wp-json\/wp\/v2\/pages\/4089\/revisions\/4092"}],"up":[{"embeddable":true,"href":"https:\/\/iicmarsiglia.esteri.it\/fr\/wp-json\/wp\/v2\/pages\/88"}],"wp:attachment":[{"href":"https:\/\/iicmarsiglia.esteri.it\/fr\/wp-json\/wp\/v2\/media?parent=4089"}],"curies":[{"name":"wp","href":"https:\/\/api.w.org\/{rel}","templated":true}]}}