{"id":4094,"date":"2024-01-26T12:11:09","date_gmt":"2024-01-26T11:11:09","guid":{"rendered":"https:\/\/iicmarsiglia.esteri.it\/?page_id=4094"},"modified":"2024-01-30T10:22:25","modified_gmt":"2024-01-30T09:22:25","slug":"cours-generaux","status":"publish","type":"page","link":"https:\/\/iicmarsiglia.esteri.it\/fr\/lingua-e-cultura\/i-corsi-di-lingua\/offre-pedagogique-2\/cours-generaux\/","title":{"rendered":"Cours g\u00e9n\u00e9raux"},"content":{"rendered":"<p>Les cours g\u00e9n\u00e9raux s\u2019adressent \u00e0 tous ceux qui ont envie d\u2019am\u00e9liorer leur connaissance de la langue italienne, du niveau d\u00e9butant au niveau avanc\u00e9. Les enseignants, tous de langue maternelle italienne, sont scrupuleusement s\u00e9lectionn\u00e9s par l\u2019IIC sur la base de leur exp\u00e9rience professionnelle et de leur comp\u00e9tence dans l\u2019enseignement de l\u2019italien aux \u00e9trangers. Les cours suivent les 6 niveaux du <a href=\"https:\/\/www.coe.int\/fr\/web\/common-european-framework-reference-languages\"><u>cadre europ\u00e9en de r\u00e9f\u00e9rence pour les langues<\/u><\/a> : A1 \/A2 \/ B1 \/ B2 \/ C1 \/ C2.<\/p>\n<p>Les cours en pr\u00e9sence se d\u00e9roulent dans les salles de cours de\u00a0l\u2019IIC (6 rue Fernand Pauriol, 13005 Marseille), \u00e0 raison de 2 heures hebdomadaires, une fois par semaine. L\u2019Istituto peut aussi organiser des cours en ligne, suivant un calendrier qui sera adapt\u00e9 aux besoins des personnes en faisant la demande.<\/p>\n<p><a href=\"https:\/\/iicmarsiglia.esteri.it\/fr\/lingua-e-cultura\/i-corsi-di-lingua\/modalites-dinscription\/\"><u>Modalit\u00e9s d\u2019inscription<\/u><\/a><\/p>\n<p><strong>Informations et inscriptions :<\/strong><\/p>\n<p>T\u00e9l. : 04 91 48 51 94<\/p>\n<p>Mail : <a href=\"mailto:amministrazione.iicmarsiglia@esteri.it\">amministrazione.iicmarsiglia@esteri.it<\/a><\/p>\n","protected":false},"excerpt":{"rendered":"Les cours g\u00e9n\u00e9raux s\u2019adressent \u00e0 tous ceux qui ont envie d\u2019am\u00e9liorer leur connaissance de la langue italienne, du niveau d\u00e9butant au niveau avanc\u00e9. Les enseignants, tous de langue maternelle italienne, sont scrupuleusement s\u00e9lectionn\u00e9s par l\u2019IIC sur la base de leur exp\u00e9rience professionnelle et de leur comp\u00e9tence dans l\u2019enseignement de l\u2019italien aux \u00e9trangers. Les cours suivent [&hellip;]","protected":false},"author":4,"featured_media":0,"parent":4089,"menu_order":5,"comment_status":"closed","ping_status":"closed","template":"","meta":{"footnotes":""},"class_list":["post-4094","page","type-page","status-publish","hentry"],"_links":{"self":[{"href":"https:\/\/iicmarsiglia.esteri.it\/fr\/wp-json\/wp\/v2\/pages\/4094","targetHints":{"allow":["GET"]}}],"collection":[{"href":"https:\/\/iicmarsiglia.esteri.it\/fr\/wp-json\/wp\/v2\/pages"}],"about":[{"href":"https:\/\/iicmarsiglia.esteri.it\/fr\/wp-json\/wp\/v2\/types\/page"}],"author":[{"embeddable":true,"href":"https:\/\/iicmarsiglia.esteri.it\/fr\/wp-json\/wp\/v2\/users\/4"}],"replies":[{"embeddable":true,"href":"https:\/\/iicmarsiglia.esteri.it\/fr\/wp-json\/wp\/v2\/comments?post=4094"}],"version-history":[{"count":3,"href":"https:\/\/iicmarsiglia.esteri.it\/fr\/wp-json\/wp\/v2\/pages\/4094\/revisions"}],"predecessor-version":[{"id":4123,"href":"https:\/\/iicmarsiglia.esteri.it\/fr\/wp-json\/wp\/v2\/pages\/4094\/revisions\/4123"}],"up":[{"embeddable":true,"href":"https:\/\/iicmarsiglia.esteri.it\/fr\/wp-json\/wp\/v2\/pages\/4089"}],"wp:attachment":[{"href":"https:\/\/iicmarsiglia.esteri.it\/fr\/wp-json\/wp\/v2\/media?parent=4094"}],"curies":[{"name":"wp","href":"https:\/\/api.w.org\/{rel}","templated":true}]}}