{"id":4096,"date":"2024-01-26T12:16:45","date_gmt":"2024-01-26T11:16:45","guid":{"rendered":"https:\/\/iicmarsiglia.esteri.it\/?page_id=4096"},"modified":"2024-01-30T10:24:04","modified_gmt":"2024-01-30T09:24:04","slug":"cours-thematiques","status":"publish","type":"page","link":"https:\/\/iicmarsiglia.esteri.it\/fr\/lingua-e-cultura\/i-corsi-di-lingua\/offre-pedagogique-2\/cours-thematiques\/","title":{"rendered":"Cours th\u00e9matiques"},"content":{"rendered":"<p>Les cours th\u00e9matiques sont l\u2019occasion d\u2019approfondir une th\u00e9matique ou un aspect sp\u00e9cifique de la culture et de l\u2019actualit\u00e9 italiennes. Ils s\u2019adressent aux \u00e9l\u00e8ves qui ont d\u00e9j\u00e0 une connaissance de la langue italienne (le niveau requis pour l\u2019inscription est indiqu\u00e9 dans la page consacr\u00e9e \u00e0 chaque cours). Les enseignants, tous de langue maternelle italienne, sont s\u00e9lectionn\u00e9s sur la base de leur comp\u00e9tence sp\u00e9cifique dans la mati\u00e8re du cours. Pour cette session, l\u2019Istituto propose un cours d\u2019histoire de l\u2019art italien, un cours consacr\u00e9 \u00e0 la chanson italienne, et un cours de grammaire italienne en pilules. Naviguez dans le menu \u00e0 droite pour d\u00e9couvrir le d\u00e9tail de chaque cours th\u00e9matique\u00a0!<\/p>\n<p><a href=\"https:\/\/iicmarsiglia.esteri.it\/fr\/lingua-e-cultura\/i-corsi-di-lingua\/modalites-dinscription\/\"><u>Modalit\u00e9s d\u2019inscription<\/u><\/a><\/p>\n<p><strong>Informations et inscriptions :<\/strong><\/p>\n<p>T\u00e9l. : 04 91 48 51 94<\/p>\n<p>Mail : <a href=\"mailto:amministrazione.iicmarsiglia@esteri.it\">amministrazione.iicmarsiglia@esteri.it<\/a><\/p>\n<p>&nbsp;<\/p>\n<p>&nbsp;<\/p>\n","protected":false},"excerpt":{"rendered":"Les cours th\u00e9matiques sont l\u2019occasion d\u2019approfondir une th\u00e9matique ou un aspect sp\u00e9cifique de la culture et de l\u2019actualit\u00e9 italiennes. Ils s\u2019adressent aux \u00e9l\u00e8ves qui ont d\u00e9j\u00e0 une connaissance de la langue italienne (le niveau requis pour l\u2019inscription est indiqu\u00e9 dans la page consacr\u00e9e \u00e0 chaque cours). Les enseignants, tous de langue maternelle italienne, sont s\u00e9lectionn\u00e9s [&hellip;]","protected":false},"author":4,"featured_media":0,"parent":4089,"menu_order":5,"comment_status":"closed","ping_status":"closed","template":"","meta":{"footnotes":""},"class_list":["post-4096","page","type-page","status-publish","hentry"],"_links":{"self":[{"href":"https:\/\/iicmarsiglia.esteri.it\/fr\/wp-json\/wp\/v2\/pages\/4096","targetHints":{"allow":["GET"]}}],"collection":[{"href":"https:\/\/iicmarsiglia.esteri.it\/fr\/wp-json\/wp\/v2\/pages"}],"about":[{"href":"https:\/\/iicmarsiglia.esteri.it\/fr\/wp-json\/wp\/v2\/types\/page"}],"author":[{"embeddable":true,"href":"https:\/\/iicmarsiglia.esteri.it\/fr\/wp-json\/wp\/v2\/users\/4"}],"replies":[{"embeddable":true,"href":"https:\/\/iicmarsiglia.esteri.it\/fr\/wp-json\/wp\/v2\/comments?post=4096"}],"version-history":[{"count":2,"href":"https:\/\/iicmarsiglia.esteri.it\/fr\/wp-json\/wp\/v2\/pages\/4096\/revisions"}],"predecessor-version":[{"id":4124,"href":"https:\/\/iicmarsiglia.esteri.it\/fr\/wp-json\/wp\/v2\/pages\/4096\/revisions\/4124"}],"up":[{"embeddable":true,"href":"https:\/\/iicmarsiglia.esteri.it\/fr\/wp-json\/wp\/v2\/pages\/4089"}],"wp:attachment":[{"href":"https:\/\/iicmarsiglia.esteri.it\/fr\/wp-json\/wp\/v2\/media?parent=4096"}],"curies":[{"name":"wp","href":"https:\/\/api.w.org\/{rel}","templated":true}]}}