{"id":4099,"date":"2024-01-29T10:04:20","date_gmt":"2024-01-29T09:04:20","guid":{"rendered":"https:\/\/iicmarsiglia.esteri.it\/?page_id=4099"},"modified":"2024-01-30T10:26:06","modified_gmt":"2024-01-30T09:26:06","slug":"histoire-de-lart-italien","status":"publish","type":"page","link":"https:\/\/iicmarsiglia.esteri.it\/fr\/lingua-e-cultura\/i-corsi-di-lingua\/offre-pedagogique-2\/cours-thematiques\/histoire-de-lart-italien\/","title":{"rendered":"Histoire de l\u2019art italien"},"content":{"rendered":"<p><strong><em>L\u2019arte italiana &#8211; Viaggio nella bellezza<\/em><\/strong><\/p>\n<p>Un voyage \u00e0 travers les si\u00e8cles \u00e0 la d\u00e9couverte de l\u2019art, de l\u2019architecture et du paysage italiens.<\/p>\n<p><u>Niveau minimum B2<\/u><\/p>\n<p>Tous les lundis (hors vacances scolaires) de 14h \u00e0 16h<\/p>\n<p>Tarifs : voir la page <a href=\"https:\/\/iicmarsiglia.esteri.it\/fr\/lingua-e-cultura\/i-corsi-di-lingua\/modalites-dinscription\/\"><u>Modalit\u00e9s d\u2019inscription<\/u><\/a><\/p>\n<p><strong>Informations et inscriptions :<\/strong><\/p>\n<p>T\u00e9l. : 04 91 48 51 94<\/p>\n<p>Mail : <a href=\"mailto:amministrazione.iicmarsiglia@esteri.it\">amministrazione.iicmarsiglia@esteri.it<\/a><\/p>\n","protected":false},"excerpt":{"rendered":"L\u2019arte italiana &#8211; Viaggio nella bellezza Un voyage \u00e0 travers les si\u00e8cles \u00e0 la d\u00e9couverte de l\u2019art, de l\u2019architecture et du paysage italiens. Niveau minimum B2 Tous les lundis (hors vacances scolaires) de 14h \u00e0 16h Tarifs : voir la page Modalit\u00e9s d\u2019inscription Informations et inscriptions : T\u00e9l. : 04 91 48 51 94 Mail [&hellip;]","protected":false},"author":4,"featured_media":0,"parent":4096,"menu_order":6,"comment_status":"closed","ping_status":"closed","template":"","meta":{"footnotes":""},"class_list":["post-4099","page","type-page","status-publish","hentry"],"_links":{"self":[{"href":"https:\/\/iicmarsiglia.esteri.it\/fr\/wp-json\/wp\/v2\/pages\/4099","targetHints":{"allow":["GET"]}}],"collection":[{"href":"https:\/\/iicmarsiglia.esteri.it\/fr\/wp-json\/wp\/v2\/pages"}],"about":[{"href":"https:\/\/iicmarsiglia.esteri.it\/fr\/wp-json\/wp\/v2\/types\/page"}],"author":[{"embeddable":true,"href":"https:\/\/iicmarsiglia.esteri.it\/fr\/wp-json\/wp\/v2\/users\/4"}],"replies":[{"embeddable":true,"href":"https:\/\/iicmarsiglia.esteri.it\/fr\/wp-json\/wp\/v2\/comments?post=4099"}],"version-history":[{"count":2,"href":"https:\/\/iicmarsiglia.esteri.it\/fr\/wp-json\/wp\/v2\/pages\/4099\/revisions"}],"predecessor-version":[{"id":4125,"href":"https:\/\/iicmarsiglia.esteri.it\/fr\/wp-json\/wp\/v2\/pages\/4099\/revisions\/4125"}],"up":[{"embeddable":true,"href":"https:\/\/iicmarsiglia.esteri.it\/fr\/wp-json\/wp\/v2\/pages\/4096"}],"wp:attachment":[{"href":"https:\/\/iicmarsiglia.esteri.it\/fr\/wp-json\/wp\/v2\/media?parent=4099"}],"curies":[{"name":"wp","href":"https:\/\/api.w.org\/{rel}","templated":true}]}}