{"id":4101,"date":"2024-01-29T10:08:38","date_gmt":"2024-01-29T09:08:38","guid":{"rendered":"https:\/\/iicmarsiglia.esteri.it\/?page_id=4101"},"modified":"2024-01-30T12:58:51","modified_gmt":"2024-01-30T11:58:51","slug":"la-chanson-italienne","status":"publish","type":"page","link":"https:\/\/iicmarsiglia.esteri.it\/fr\/lingua-e-cultura\/i-corsi-di-lingua\/offre-pedagogique-2\/cours-thematiques\/la-chanson-italienne\/","title":{"rendered":"La chanson italienne"},"content":{"rendered":"<p><strong><em>Non sono solo canzonette\u2026<\/em><\/strong><strong> Un parcours \u00e0 la d\u00e9couverte de la chanson italienne, de la musique pop \u00e0 la chanson d\u2019auteur.<\/strong><\/p>\n<p><u>Niveau minimum B1<\/u><\/p>\n<p>Le mardi de 14h30 \u00e0 16h30 \u2013 Une rencontre par mois, de f\u00e9vrier \u00e0 mars 2024<\/p>\n<p>Saviez-vous qu\u2019Italo Calvino a \u00e9t\u00e9 l\u2019auteur de plusieurs chansons\u00a0? Et que <em>Le Petit Pain au chocolat<\/em> di Joe Dassin est une reprise de la chanson italienne <em>Luglio<\/em> ? Embarquez dans un voyage \u00e0 la d\u00e9couverte de la sc\u00e8ne musicale italienne et des artistes qui ont fait chanter, danser (et parfois m\u00eame se disputer entre eux) des g\u00e9n\u00e9rations d\u2019italiens.<\/p>\n<p>Un rendez-vous par mois, pour \u00e9couter les chansons qui ont chang\u00e9 l\u2019histoire de la musique italienne, des ann\u00e9es 60 jusqu\u2019\u00e0 nos jours, pour en discuter en groupe et am\u00e9liorer ainsi sa connaissance de la langue au son de la musique italienne. On ne cesse de dire que l\u2019italien est une langue chantante, apprenons-le en chantant\u00a0!<\/p>\n<p>Un mardi par mois. Dates propos\u00e9es :<\/p>\n<ul>\n<li>mardi 13 f\u00e9vrier 2024<\/li>\n<li>mardi 12 mars 2024<\/li>\n<li>mardi 9 avril 2024<\/li>\n<li>mardi 14 mai 2024<\/li>\n<\/ul>\n<p>Tarifs : 100\u20ac pour le cycle de 4 rencontres<\/p>\n<p><a href=\"https:\/\/iicmarsiglia.esteri.it\/fr\/lingua-e-cultura\/i-corsi-di-lingua\/modalites-dinscription\/\"><u>Modalit\u00e9s d\u2019inscription<\/u><\/a><\/p>\n<p><strong>Informations et inscriptions :<\/strong><\/p>\n<p>T\u00e9l. : 04 91 48 51 94<\/p>\n<p>Mail : <a href=\"mailto:amministrazione.iicmarsiglia@esteri.it\">amministrazione.iicmarsiglia@esteri.it<\/a><\/p>\n","protected":false},"excerpt":{"rendered":"Non sono solo canzonette\u2026 Un parcours \u00e0 la d\u00e9couverte de la chanson italienne, de la musique pop \u00e0 la chanson d\u2019auteur. Niveau minimum B1 Le mardi de 14h30 \u00e0 16h30 \u2013 Une rencontre par mois, de f\u00e9vrier \u00e0 mars 2024 Saviez-vous qu\u2019Italo Calvino a \u00e9t\u00e9 l\u2019auteur de plusieurs chansons\u00a0? Et que Le Petit Pain au [&hellip;]","protected":false},"author":4,"featured_media":0,"parent":4096,"menu_order":6,"comment_status":"closed","ping_status":"closed","template":"","meta":{"footnotes":""},"class_list":["post-4101","page","type-page","status-publish","hentry"],"_links":{"self":[{"href":"https:\/\/iicmarsiglia.esteri.it\/fr\/wp-json\/wp\/v2\/pages\/4101","targetHints":{"allow":["GET"]}}],"collection":[{"href":"https:\/\/iicmarsiglia.esteri.it\/fr\/wp-json\/wp\/v2\/pages"}],"about":[{"href":"https:\/\/iicmarsiglia.esteri.it\/fr\/wp-json\/wp\/v2\/types\/page"}],"author":[{"embeddable":true,"href":"https:\/\/iicmarsiglia.esteri.it\/fr\/wp-json\/wp\/v2\/users\/4"}],"replies":[{"embeddable":true,"href":"https:\/\/iicmarsiglia.esteri.it\/fr\/wp-json\/wp\/v2\/comments?post=4101"}],"version-history":[{"count":3,"href":"https:\/\/iicmarsiglia.esteri.it\/fr\/wp-json\/wp\/v2\/pages\/4101\/revisions"}],"predecessor-version":[{"id":4142,"href":"https:\/\/iicmarsiglia.esteri.it\/fr\/wp-json\/wp\/v2\/pages\/4101\/revisions\/4142"}],"up":[{"embeddable":true,"href":"https:\/\/iicmarsiglia.esteri.it\/fr\/wp-json\/wp\/v2\/pages\/4096"}],"wp:attachment":[{"href":"https:\/\/iicmarsiglia.esteri.it\/fr\/wp-json\/wp\/v2\/media?parent=4101"}],"curies":[{"name":"wp","href":"https:\/\/api.w.org\/{rel}","templated":true}]}}