{"id":4104,"date":"2024-01-29T10:12:00","date_gmt":"2024-01-29T09:12:00","guid":{"rendered":"https:\/\/iicmarsiglia.esteri.it\/?page_id=4104"},"modified":"2024-01-30T10:27:10","modified_gmt":"2024-01-30T09:27:10","slug":"pilules-de-grammaire-italienne","status":"publish","type":"page","link":"https:\/\/iicmarsiglia.esteri.it\/fr\/lingua-e-cultura\/i-corsi-di-lingua\/offre-pedagogique-2\/cours-thematiques\/pilules-de-grammaire-italienne\/","title":{"rendered":"Pilules de grammaire italienne"},"content":{"rendered":"<p><strong>\u00c9tude et pratique de quelques notions fondamentales de la grammaire italienne<\/strong><\/p>\n<p><u>Niveau minimum A2 <\/u><\/p>\n<p>Le mercredi de 14h \u00e0 16h &#8211; Une rencontre par mois, de f\u00e9vrier \u00e0 mars 2024.<\/p>\n<p>Dates propos\u00e9es :<\/p>\n<ul>\n<li>mercredi 21 f\u00e9vrier 2024<\/li>\n<li>mercredi 13 mars 2024<\/li>\n<li>mercredi 03 avril 2024<\/li>\n<li>mercredi 15 mai 2024<\/li>\n<\/ul>\n<p>Tarifs : 100\u20ac pour le cycle de 4 rencontres<\/p>\n<p><a href=\"https:\/\/iicmarsiglia.esteri.it\/fr\/lingua-e-cultura\/i-corsi-di-lingua\/modalites-dinscription\/\"><u>Modalit\u00e9s d\u2019inscription<\/u><\/a><\/p>\n<p><strong>Informations et inscriptions :<\/strong><\/p>\n<p>T\u00e9l. : 04 91 48 51 94<\/p>\n<p>Mail <strong>: <\/strong><a href=\"mailto:amministrazione.iicmarsiglia@esteri.it\">amministrazione.iicmarsiglia@esteri.it<\/a><\/p>\n","protected":false},"excerpt":{"rendered":"\u00c9tude et pratique de quelques notions fondamentales de la grammaire italienne Niveau minimum A2 Le mercredi de 14h \u00e0 16h &#8211; Une rencontre par mois, de f\u00e9vrier \u00e0 mars 2024. Dates propos\u00e9es : mercredi 21 f\u00e9vrier 2024 mercredi 13 mars 2024 mercredi 03 avril 2024 mercredi 15 mai 2024 Tarifs : 100\u20ac pour le cycle [&hellip;]","protected":false},"author":4,"featured_media":0,"parent":4096,"menu_order":6,"comment_status":"closed","ping_status":"closed","template":"","meta":{"footnotes":""},"class_list":["post-4104","page","type-page","status-publish","hentry"],"_links":{"self":[{"href":"https:\/\/iicmarsiglia.esteri.it\/fr\/wp-json\/wp\/v2\/pages\/4104","targetHints":{"allow":["GET"]}}],"collection":[{"href":"https:\/\/iicmarsiglia.esteri.it\/fr\/wp-json\/wp\/v2\/pages"}],"about":[{"href":"https:\/\/iicmarsiglia.esteri.it\/fr\/wp-json\/wp\/v2\/types\/page"}],"author":[{"embeddable":true,"href":"https:\/\/iicmarsiglia.esteri.it\/fr\/wp-json\/wp\/v2\/users\/4"}],"replies":[{"embeddable":true,"href":"https:\/\/iicmarsiglia.esteri.it\/fr\/wp-json\/wp\/v2\/comments?post=4104"}],"version-history":[{"count":2,"href":"https:\/\/iicmarsiglia.esteri.it\/fr\/wp-json\/wp\/v2\/pages\/4104\/revisions"}],"predecessor-version":[{"id":4129,"href":"https:\/\/iicmarsiglia.esteri.it\/fr\/wp-json\/wp\/v2\/pages\/4104\/revisions\/4129"}],"up":[{"embeddable":true,"href":"https:\/\/iicmarsiglia.esteri.it\/fr\/wp-json\/wp\/v2\/pages\/4096"}],"wp:attachment":[{"href":"https:\/\/iicmarsiglia.esteri.it\/fr\/wp-json\/wp\/v2\/media?parent=4104"}],"curies":[{"name":"wp","href":"https:\/\/api.w.org\/{rel}","templated":true}]}}