{"id":4107,"date":"2024-01-26T12:20:16","date_gmt":"2024-01-26T11:20:16","guid":{"rendered":"https:\/\/iicmarsiglia.esteri.it\/?page_id=4107"},"modified":"2024-01-30T10:28:15","modified_gmt":"2024-01-30T09:28:15","slug":"atelier-de-conversation","status":"publish","type":"page","link":"https:\/\/iicmarsiglia.esteri.it\/fr\/lingua-e-cultura\/i-corsi-di-lingua\/offre-pedagogique-2\/atelier-de-conversation\/","title":{"rendered":"Atelier de conversation"},"content":{"rendered":"<p><strong><em>Parliamo italiano\u00a0!<\/em><\/strong><\/p>\n<p><strong>Un atelier pratique de conversation pour am\u00e9liorer son expression orale, dans une ambiance informelle et interactive.<\/strong><\/p>\n<p><u>Niveau minimum A2<\/u><\/p>\n<p>Le jeudi de 16h \u00e0 18h &#8211; Une rencontre par mois, de f\u00e9vrier \u00e0 mars 2024<\/p>\n<p>Dates propos\u00e9es :<\/p>\n<ul>\n<li>jeudi 15 f\u00e9vrier 2024<\/li>\n<li>jeudi 21 mars 2024<\/li>\n<li>jeudi 11 avril 2024<\/li>\n<li>jeudi 23 mai 2024<\/li>\n<\/ul>\n<p>Tarifs : 100\u20ac pour le cycle de 4 rencontres<\/p>\n<p><a href=\"https:\/\/iicmarsiglia.esteri.it\/fr\/lingua-e-cultura\/i-corsi-di-lingua\/modalites-dinscription\/\"><u>Modalit\u00e9s d\u2019inscription<\/u><\/a><\/p>\n<p><strong>Informations et inscriptions :<\/strong><\/p>\n<p>T\u00e9l. : 04 91 48 51 94<\/p>\n<p>Mail : <a href=\"mailto:amministrazione.iicmarsiglia@esteri.it\">amministrazione.iicmarsiglia@esteri.it<\/a><\/p>\n","protected":false},"excerpt":{"rendered":"Parliamo italiano\u00a0! Un atelier pratique de conversation pour am\u00e9liorer son expression orale, dans une ambiance informelle et interactive. Niveau minimum A2 Le jeudi de 16h \u00e0 18h &#8211; Une rencontre par mois, de f\u00e9vrier \u00e0 mars 2024 Dates propos\u00e9es : jeudi 15 f\u00e9vrier 2024 jeudi 21 mars 2024 jeudi 11 avril 2024 jeudi 23 mai [&hellip;]","protected":false},"author":4,"featured_media":0,"parent":4089,"menu_order":5,"comment_status":"closed","ping_status":"closed","template":"","meta":{"footnotes":""},"class_list":["post-4107","page","type-page","status-publish","hentry"],"_links":{"self":[{"href":"https:\/\/iicmarsiglia.esteri.it\/fr\/wp-json\/wp\/v2\/pages\/4107","targetHints":{"allow":["GET"]}}],"collection":[{"href":"https:\/\/iicmarsiglia.esteri.it\/fr\/wp-json\/wp\/v2\/pages"}],"about":[{"href":"https:\/\/iicmarsiglia.esteri.it\/fr\/wp-json\/wp\/v2\/types\/page"}],"author":[{"embeddable":true,"href":"https:\/\/iicmarsiglia.esteri.it\/fr\/wp-json\/wp\/v2\/users\/4"}],"replies":[{"embeddable":true,"href":"https:\/\/iicmarsiglia.esteri.it\/fr\/wp-json\/wp\/v2\/comments?post=4107"}],"version-history":[{"count":2,"href":"https:\/\/iicmarsiglia.esteri.it\/fr\/wp-json\/wp\/v2\/pages\/4107\/revisions"}],"predecessor-version":[{"id":4131,"href":"https:\/\/iicmarsiglia.esteri.it\/fr\/wp-json\/wp\/v2\/pages\/4107\/revisions\/4131"}],"up":[{"embeddable":true,"href":"https:\/\/iicmarsiglia.esteri.it\/fr\/wp-json\/wp\/v2\/pages\/4089"}],"wp:attachment":[{"href":"https:\/\/iicmarsiglia.esteri.it\/fr\/wp-json\/wp\/v2\/media?parent=4107"}],"curies":[{"name":"wp","href":"https:\/\/api.w.org\/{rel}","templated":true}]}}