{"id":4111,"date":"2024-01-26T12:22:06","date_gmt":"2024-01-26T11:22:06","guid":{"rendered":"https:\/\/iicmarsiglia.esteri.it\/?page_id=4111"},"modified":"2024-01-30T10:28:55","modified_gmt":"2024-01-30T09:28:55","slug":"le-cercle-des-lecteurs","status":"publish","type":"page","link":"https:\/\/iicmarsiglia.esteri.it\/fr\/lingua-e-cultura\/i-corsi-di-lingua\/offre-pedagogique-2\/le-cercle-des-lecteurs\/","title":{"rendered":"Le cercle des lecteurs\u00a0"},"content":{"rendered":"<p><strong>Une proposition pour tous les amoureux de la langue italienne et de la lecture<\/strong><\/p>\n<p><u>Niveau minimum B2<\/u><\/p>\n<p>Le lundi de 15h \u00e0 17h &#8211; Une rencontre par mois, de f\u00e9vrier \u00e0 mars 2024<\/p>\n<p>Dans ce cycle de quatre rencontres, un enseignant de langue maternelle proposera une s\u00e9lection de titres italiens de fiction. Chaque rencontre sera consacr\u00e9e \u00e0 un livre et sera l\u2019occasion d\u2019en parcourir l\u2019intrigue, d\u2019approfondir les principaux sujets abord\u00e9s et de partager avec le groupe les \u00e9motions suscit\u00e9es par la lecture. Autant d\u2019occasions de lire, d\u2019\u00e9couter et de parler italien.<\/p>\n<p>Un lundi par mois. Dates propos\u00e9es :<\/p>\n<ul>\n<li>lundi 12 f\u00e9vrier 2024<\/li>\n<li>lundi 11 mars 2024<\/li>\n<li>lundi 8 avril 2024<\/li>\n<li>lundi 13 mai 2024<\/li>\n<\/ul>\n<p>Tarifs : 100\u20ac pour le cycle de 4 rencontres<\/p>\n<p><a href=\"https:\/\/iicmarsiglia.esteri.it\/fr\/lingua-e-cultura\/i-corsi-di-lingua\/modalites-dinscription\/\"><u>Modalit\u00e9s d\u2019inscription<\/u><\/a><\/p>\n<p><strong>Informations et inscriptions :<\/strong><\/p>\n<p>T\u00e9l. : 04 91 48 51 94<\/p>\n<p>Mail : <a href=\"mailto:amministrazione.iicmarsiglia@esteri.it\">amministrazione.iicmarsiglia@esteri.it<\/a><\/p>\n","protected":false},"excerpt":{"rendered":"Une proposition pour tous les amoureux de la langue italienne et de la lecture Niveau minimum B2 Le lundi de 15h \u00e0 17h &#8211; Une rencontre par mois, de f\u00e9vrier \u00e0 mars 2024 Dans ce cycle de quatre rencontres, un enseignant de langue maternelle proposera une s\u00e9lection de titres italiens de fiction. Chaque rencontre sera [&hellip;]","protected":false},"author":4,"featured_media":0,"parent":4089,"menu_order":5,"comment_status":"closed","ping_status":"closed","template":"","meta":{"footnotes":""},"class_list":["post-4111","page","type-page","status-publish","hentry"],"_links":{"self":[{"href":"https:\/\/iicmarsiglia.esteri.it\/fr\/wp-json\/wp\/v2\/pages\/4111","targetHints":{"allow":["GET"]}}],"collection":[{"href":"https:\/\/iicmarsiglia.esteri.it\/fr\/wp-json\/wp\/v2\/pages"}],"about":[{"href":"https:\/\/iicmarsiglia.esteri.it\/fr\/wp-json\/wp\/v2\/types\/page"}],"author":[{"embeddable":true,"href":"https:\/\/iicmarsiglia.esteri.it\/fr\/wp-json\/wp\/v2\/users\/4"}],"replies":[{"embeddable":true,"href":"https:\/\/iicmarsiglia.esteri.it\/fr\/wp-json\/wp\/v2\/comments?post=4111"}],"version-history":[{"count":2,"href":"https:\/\/iicmarsiglia.esteri.it\/fr\/wp-json\/wp\/v2\/pages\/4111\/revisions"}],"predecessor-version":[{"id":4133,"href":"https:\/\/iicmarsiglia.esteri.it\/fr\/wp-json\/wp\/v2\/pages\/4111\/revisions\/4133"}],"up":[{"embeddable":true,"href":"https:\/\/iicmarsiglia.esteri.it\/fr\/wp-json\/wp\/v2\/pages\/4089"}],"wp:attachment":[{"href":"https:\/\/iicmarsiglia.esteri.it\/fr\/wp-json\/wp\/v2\/media?parent=4111"}],"curies":[{"name":"wp","href":"https:\/\/api.w.org\/{rel}","templated":true}]}}