{"id":4114,"date":"2024-01-26T12:25:32","date_gmt":"2024-01-26T11:25:32","guid":{"rendered":"https:\/\/iicmarsiglia.esteri.it\/?page_id=4114"},"modified":"2025-09-02T09:54:48","modified_gmt":"2025-09-02T07:54:48","slug":"modalites-dinscription","status":"publish","type":"page","link":"https:\/\/iicmarsiglia.esteri.it\/fr\/lingua-e-cultura\/i-corsi-di-lingua\/modalites-dinscription\/","title":{"rendered":"Modalit\u00e9s d\u2019inscription"},"content":{"rendered":"<p>Le calendrier des cours co\u00efncide avec le calendrier de l\u2019ann\u00e9e scolaire de la zone B. Il comprend deux sessions, chacune de 30 heures, soit 60 heures sur l\u2019ensemble de l\u2019ann\u00e9e. Les inscriptions sont possibles pour une seule session ou pour toute l\u2019ann\u00e9e.<\/p>\n<p>Les cours en pr\u00e9sence sont organis\u00e9s en cours hebdomadaires de 2 heures.<\/p>\n<p>Pour l\u2019<strong>ann\u00e9e scolaire 2025\/26<\/strong>, les deux sessions sont les suivantes\u00a0:<\/p>\n<p>-1<sup>\u00e8re<\/sup> session de 30 heures (15 cours de 2 heures chacun) : du 15 septembre 2025 au 23 janvier 2026<\/p>\n<p>-2<sup>\u00e8me<\/sup> session de 30 heures (15 cours de 2 heures chacun): du 26 janvier au 15 juin 2026<\/p>\n<p>&nbsp;<\/p>\n<p>&nbsp;<\/p>\n<p><strong>Tarifs et r\u00e9ductions <\/strong><\/p>\n<p><strong>-Pour l\u2019inscription \u00e0 l\u2019ann\u00e9e (2 sessions &#8211; 60h de cours),<\/strong> tarif plein 440\u20ac, tarif r\u00e9duit 410\u20ac<strong>*.<\/strong><\/p>\n<p><strong>&#8211; Pour l\u2019inscription \u00e0 une seule session (30h de cours),<\/strong> tarif plein 260\u20ac, tarif r\u00e9duit 245\u20ac<strong>*.<\/strong><\/p>\n<p>Les cours de l\u2019IIC ne peuvent pas \u00eatre pris en charge par le Compte Professionnel de Formation (CPF).<\/p>\n<p>*Le tarif r\u00e9duit est r\u00e9serv\u00e9 aux moins de 26 ans, aux demandeurs d\u2019emploi, aux retrait\u00e9s et aux membres de la m\u00eame famille s\u2019inscrivant au m\u00eame cours en m\u00eame temps.<\/p>\n<p>&nbsp;<\/p>\n<p><strong>Tests de niveau<\/strong><\/p>\n<p>Pour l\u2019inscription aux cours de niveau sup\u00e9rieur au A1, l\u2019Istituto organise au d\u00e9but de chaque session p\u00e9dagogique des tests de niveau gratuits, qui peuvent \u00eatre effectu\u00e9s en pr\u00e9sence \u00e0 l\u2019IIC lors de journ\u00e9es pr\u00e9vues \u00e0 cet effet, mais aussi en ligne, sur rendez-vous. Les tests ont pour but d\u2019identifier le cours le plus adapt\u00e9 au niveau de d\u00e9part de chaque \u00e9l\u00e8ve, de sorte \u00e0 permettre \u00e0 chacun de progresser dans les meilleures conditions.<\/p>\n<p>T\u00e9l\u00e9chargez le r\u00e8glement des cours et le formulaire d\u2019inscription dans le <a href=\"https:\/\/iicmarsiglia.esteri.it\/wp-content\/uploads\/2025\/09\/Brochure-cours-2025-2026-compresse.pdf\"><span style=\"color: #0000ff;\"><u>Programme des cours 2025-2026<\/u><\/span><\/a><\/p>\n<p>&nbsp;<\/p>\n<p><strong>Informations et inscriptions :<\/strong><\/p>\n<p>T\u00e9l. : 04 91 48 51 94<\/p>\n<p>Mail : <a href=\"mailto:amministrazione.iicmarsiglia@esteri.it\">amministrazione.iicmarsiglia@esteri.it<\/a><\/p>\n","protected":false},"excerpt":{"rendered":"Le calendrier des cours co\u00efncide avec le calendrier de l\u2019ann\u00e9e scolaire de la zone B. Il comprend deux sessions, chacune de 30 heures, soit 60 heures sur l\u2019ensemble de l\u2019ann\u00e9e. Les inscriptions sont possibles pour une seule session ou pour toute l\u2019ann\u00e9e. Les cours en pr\u00e9sence sont organis\u00e9s en cours hebdomadaires de 2 heures. Pour [&hellip;]","protected":false},"author":4,"featured_media":0,"parent":88,"menu_order":4,"comment_status":"closed","ping_status":"closed","template":"","meta":{"footnotes":""},"class_list":["post-4114","page","type-page","status-publish","hentry"],"_links":{"self":[{"href":"https:\/\/iicmarsiglia.esteri.it\/fr\/wp-json\/wp\/v2\/pages\/4114","targetHints":{"allow":["GET"]}}],"collection":[{"href":"https:\/\/iicmarsiglia.esteri.it\/fr\/wp-json\/wp\/v2\/pages"}],"about":[{"href":"https:\/\/iicmarsiglia.esteri.it\/fr\/wp-json\/wp\/v2\/types\/page"}],"author":[{"embeddable":true,"href":"https:\/\/iicmarsiglia.esteri.it\/fr\/wp-json\/wp\/v2\/users\/4"}],"replies":[{"embeddable":true,"href":"https:\/\/iicmarsiglia.esteri.it\/fr\/wp-json\/wp\/v2\/comments?post=4114"}],"version-history":[{"count":6,"href":"https:\/\/iicmarsiglia.esteri.it\/fr\/wp-json\/wp\/v2\/pages\/4114\/revisions"}],"predecessor-version":[{"id":12964,"href":"https:\/\/iicmarsiglia.esteri.it\/fr\/wp-json\/wp\/v2\/pages\/4114\/revisions\/12964"}],"up":[{"embeddable":true,"href":"https:\/\/iicmarsiglia.esteri.it\/fr\/wp-json\/wp\/v2\/pages\/88"}],"wp:attachment":[{"href":"https:\/\/iicmarsiglia.esteri.it\/fr\/wp-json\/wp\/v2\/media?parent=4114"}],"curies":[{"name":"wp","href":"https:\/\/api.w.org\/{rel}","templated":true}]}}