{"id":448,"date":"2023-05-05T08:38:43","date_gmt":"2023-05-05T06:38:43","guid":{"rendered":"https:\/\/iicmarsiglia.esteri.it\/?page_id=448"},"modified":"2023-05-05T11:47:42","modified_gmt":"2023-05-05T09:47:42","slug":"stages","status":"publish","type":"page","link":"https:\/\/iicmarsiglia.esteri.it\/fr\/news\/dall_istituto\/stages\/","title":{"rendered":"STAGES"},"content":{"rendered":"<p>L&rsquo;Istituto Italiano di Cultura de Marseille est autoris\u00e9 \u00e0 admettre dans sa structure <strong>uniquement<\/strong> les stagiaires s\u00e9lectionn\u00e9s gr\u00e2ce \u00e0 la convention MAECI\/MIUR\/CRUI.<\/p>\n<p>Le Minist\u00e8re des Affaires Etrang\u00e8res et de la Coop\u00e9ration a \u00e9tabli une <a title=\"Convenzione\" href=\"https:\/\/www.esteri.it\/mae\/resource\/doc\/2017\/09\/nuova_maeci_miur_crui_per_sito.pdf\">Convenzione\u00a0<\/a>avec MIUR (Ministero dell\u2019Universit\u00e0 e della Ricerca) et avec la Fondazione CRUI (Conferenza dei Rettori delle Universit\u00e0 Italiane) pour l&rsquo;activation des stages trimestriels aupr\u00e8s des Missions Diplomatiques en Italie et \u00e0 l&rsquo;\u00e9tranger. Le programme se propose d&rsquo;int\u00e9grer le parcours formatif universitaire de l&rsquo;\u00e9tudiant avec une exp\u00e9rience concr\u00e8te afin de pouvoir conna\u00eetre les activit\u00e9s institutionnelles du MAECI \u00e0 l&rsquo;\u00e9tranger<strong>.<\/strong><\/p>\n<p>Les stages se d\u00e9roulent pendant 3 p\u00e9riodes dans l&rsquo;ann\u00e9e\u00a0 (janvier-avril; mai-aout; septembre-d\u00e9cembre)<\/p>\n<p>Aux stages aupr\u00e8s des <strong>Istituti italiani di Cultura<\/strong> sont admis les \u00e9tudiants de plusieurs facult\u00e9s de disciplines humanistes.<\/p>\n<p>Les \u00e9tudiants ont droit \u00e0 des remboursements de la part des Universit\u00e9s. Il est possibile de t\u00e9l\u00e9charger <strong><a href=\"https:\/\/www.tirocinicrui.it\/wp-content\/uploads\/2023\/01\/BandoMAECI_26gennaio2023-1.pdf\">le bando<\/a><\/strong> \u00e0 travers le site esteri.it ou <a href=\"https:\/\/www.tirocinicrui.it\/\">tirocinicrui.it.<\/a><\/p>\n<p>&nbsp;<\/p>\n<p>&nbsp;<\/p>\n<p>&nbsp;<\/p>\n","protected":false},"excerpt":{"rendered":"L&rsquo;Istituto Italiano di Cultura de Marseille est autoris\u00e9 \u00e0 admettre dans sa structure uniquement les stagiaires s\u00e9lectionn\u00e9s gr\u00e2ce \u00e0 la convention MAECI\/MIUR\/CRUI. Le Minist\u00e8re des Affaires Etrang\u00e8res et de la Coop\u00e9ration a \u00e9tabli une Convenzione\u00a0avec MIUR (Ministero dell\u2019Universit\u00e0 e della Ricerca) et avec la Fondazione CRUI (Conferenza dei Rettori delle Universit\u00e0 Italiane) pour l&rsquo;activation des [&hellip;]","protected":false},"author":4,"featured_media":0,"parent":95,"menu_order":0,"comment_status":"closed","ping_status":"closed","template":"","meta":{"footnotes":""},"class_list":["post-448","page","type-page","status-publish","hentry"],"_links":{"self":[{"href":"https:\/\/iicmarsiglia.esteri.it\/fr\/wp-json\/wp\/v2\/pages\/448","targetHints":{"allow":["GET"]}}],"collection":[{"href":"https:\/\/iicmarsiglia.esteri.it\/fr\/wp-json\/wp\/v2\/pages"}],"about":[{"href":"https:\/\/iicmarsiglia.esteri.it\/fr\/wp-json\/wp\/v2\/types\/page"}],"author":[{"embeddable":true,"href":"https:\/\/iicmarsiglia.esteri.it\/fr\/wp-json\/wp\/v2\/users\/4"}],"replies":[{"embeddable":true,"href":"https:\/\/iicmarsiglia.esteri.it\/fr\/wp-json\/wp\/v2\/comments?post=448"}],"version-history":[{"count":0,"href":"https:\/\/iicmarsiglia.esteri.it\/fr\/wp-json\/wp\/v2\/pages\/448\/revisions"}],"up":[{"embeddable":true,"href":"https:\/\/iicmarsiglia.esteri.it\/fr\/wp-json\/wp\/v2\/pages\/95"}],"wp:attachment":[{"href":"https:\/\/iicmarsiglia.esteri.it\/fr\/wp-json\/wp\/v2\/media?parent=448"}],"curies":[{"name":"wp","href":"https:\/\/api.w.org\/{rel}","templated":true}]}}