{"id":476,"date":"2023-05-08T12:28:04","date_gmt":"2023-05-08T10:28:04","guid":{"rendered":"https:\/\/iicmarsiglia.esteri.it\/?page_id=476"},"modified":"2023-05-17T15:57:44","modified_gmt":"2023-05-17T13:57:44","slug":"equipements-techniques","status":"publish","type":"page","link":"https:\/\/iicmarsiglia.esteri.it\/fr\/chi-siamo\/la-sede\/equipements-techniques\/","title":{"rendered":"Equipements techniques"},"content":{"rendered":"<p>L\u2019Institut se d\u00e9veloppe sur deux niveaux :<\/p>\n<p>Au rez-de-chauss\u00e9e se trouve l\u2019acc\u00e8s aux salles polyvalentes:<br \/>\n\u00b0 le th\u00e9\u00e2tre\u00a0 (salle Amerigo Vespucci), capable de 150 places<br \/>\n\u00b0 un espace de r\u00e9ception et d&rsquo;exposition, avec une petite cuisine \u00e0 cot\u00e9<br \/>\n\u00b0 vestibule et couloir<br \/>\n\u00b0 dans le couloir sur le mur \u00e0 gauche il y a 3 vitrines de 1,70 m.de hauteur par 2m. de longueur par 50cm de profondeur, et sur le mur du fond d&rsquo;une vitrine de 1.50m. de hauteur par 3m. de longueur et 50cm. de profondeur.<\/p>\n<p>&nbsp;<\/p>\n<p>&nbsp;<\/p>\n<p>Dotations techniques de la salle\u00a0Amerigo Vespucci\u00a0:<\/p>\n<ul>\n<li>\u00a0Projecteur Film 16mm et 35mm<\/li>\n<li>Vid\u00e9o-projecteur OPTOMA ZH606 white full hd\/laser<\/li>\n<li>Lecteur Denon professional blu-ray CD\/DVD<\/li>\n<li>Mixer<\/li>\n<li>Microphones Shure<\/li>\n<li>Microphones Sennheiser HF<\/li>\n<li>Sc\u00e8ne 5x6m<\/li>\n<li>Ecran 5x3m<\/li>\n<li>Piano demi-queue Pleyel<\/li>\n<\/ul>\n","protected":false},"excerpt":{"rendered":"L\u2019Institut se d\u00e9veloppe sur deux niveaux : Au rez-de-chauss\u00e9e se trouve l\u2019acc\u00e8s aux salles polyvalentes: \u00b0 le th\u00e9\u00e2tre\u00a0 (salle Amerigo Vespucci), capable de 150 places \u00b0 un espace de r\u00e9ception et d&rsquo;exposition, avec une petite cuisine \u00e0 cot\u00e9 \u00b0 vestibule et couloir \u00b0 dans le couloir sur le mur \u00e0 gauche il y a 3 [&hellip;]","protected":false},"author":4,"featured_media":0,"parent":86,"menu_order":0,"comment_status":"closed","ping_status":"closed","template":"","meta":{"footnotes":""},"class_list":["post-476","page","type-page","status-publish","hentry"],"_links":{"self":[{"href":"https:\/\/iicmarsiglia.esteri.it\/fr\/wp-json\/wp\/v2\/pages\/476","targetHints":{"allow":["GET"]}}],"collection":[{"href":"https:\/\/iicmarsiglia.esteri.it\/fr\/wp-json\/wp\/v2\/pages"}],"about":[{"href":"https:\/\/iicmarsiglia.esteri.it\/fr\/wp-json\/wp\/v2\/types\/page"}],"author":[{"embeddable":true,"href":"https:\/\/iicmarsiglia.esteri.it\/fr\/wp-json\/wp\/v2\/users\/4"}],"replies":[{"embeddable":true,"href":"https:\/\/iicmarsiglia.esteri.it\/fr\/wp-json\/wp\/v2\/comments?post=476"}],"version-history":[{"count":0,"href":"https:\/\/iicmarsiglia.esteri.it\/fr\/wp-json\/wp\/v2\/pages\/476\/revisions"}],"up":[{"embeddable":true,"href":"https:\/\/iicmarsiglia.esteri.it\/fr\/wp-json\/wp\/v2\/pages\/86"}],"wp:attachment":[{"href":"https:\/\/iicmarsiglia.esteri.it\/fr\/wp-json\/wp\/v2\/media?parent=476"}],"curies":[{"name":"wp","href":"https:\/\/api.w.org\/{rel}","templated":true}]}}