{"id":483,"date":"2023-05-08T12:50:02","date_gmt":"2023-05-08T10:50:02","guid":{"rendered":"https:\/\/iicmarsiglia.esteri.it\/?page_id=483"},"modified":"2023-07-24T12:18:07","modified_gmt":"2023-07-24T10:18:07","slug":"espace-presse","status":"publish","type":"page","link":"https:\/\/iicmarsiglia.esteri.it\/fr\/news\/multimedia\/espace-presse\/","title":{"rendered":"Espace presse"},"content":{"rendered":"<p>Bienvenue dans la salle de presse !<\/p>\n<p>L\u2019Institut culturel italien de Marseille diffuse localement, nationalement et internationalement des informations sur les activit\u00e9s et les \u00e9v\u00e9nements qu\u2019il organise.<\/p>\n<p>Dans cette section, vous trouverez nos <a href=\"https:\/\/iicmarsiglia.esteri.it\/fr\/news\/multimedia\/espace-presse\/802-2\/\">Communiqu\u00e9s de presse<\/a>.<\/p>\n<p>Dans cette section, vous trouverez des <a href=\"https:\/\/iicmarsiglia.esteri.it\/fr\/news\/multimedia\/espace-presse\/802-2\/articles-de-presse\/\">articles<\/a> sur nos manifestations.<\/p>\n","protected":false},"excerpt":{"rendered":"Bienvenue dans la salle de presse ! L\u2019Institut culturel italien de Marseille diffuse localement, nationalement et internationalement des informations sur les activit\u00e9s et les \u00e9v\u00e9nements qu\u2019il organise. Dans cette section, vous trouverez nos Communiqu\u00e9s de presse. Dans cette section, vous trouverez des articles sur nos manifestations.","protected":false},"author":4,"featured_media":0,"parent":96,"menu_order":0,"comment_status":"closed","ping_status":"closed","template":"","meta":{"footnotes":""},"class_list":["post-483","page","type-page","status-publish","hentry"],"_links":{"self":[{"href":"https:\/\/iicmarsiglia.esteri.it\/fr\/wp-json\/wp\/v2\/pages\/483","targetHints":{"allow":["GET"]}}],"collection":[{"href":"https:\/\/iicmarsiglia.esteri.it\/fr\/wp-json\/wp\/v2\/pages"}],"about":[{"href":"https:\/\/iicmarsiglia.esteri.it\/fr\/wp-json\/wp\/v2\/types\/page"}],"author":[{"embeddable":true,"href":"https:\/\/iicmarsiglia.esteri.it\/fr\/wp-json\/wp\/v2\/users\/4"}],"replies":[{"embeddable":true,"href":"https:\/\/iicmarsiglia.esteri.it\/fr\/wp-json\/wp\/v2\/comments?post=483"}],"version-history":[{"count":0,"href":"https:\/\/iicmarsiglia.esteri.it\/fr\/wp-json\/wp\/v2\/pages\/483\/revisions"}],"up":[{"embeddable":true,"href":"https:\/\/iicmarsiglia.esteri.it\/fr\/wp-json\/wp\/v2\/pages\/96"}],"wp:attachment":[{"href":"https:\/\/iicmarsiglia.esteri.it\/fr\/wp-json\/wp\/v2\/media?parent=483"}],"curies":[{"name":"wp","href":"https:\/\/api.w.org\/{rel}","templated":true}]}}