{"id":551,"date":"2023-05-12T12:11:18","date_gmt":"2023-05-12T10:11:18","guid":{"rendered":"https:\/\/iicmarsiglia.esteri.it\/?page_id=551"},"modified":"2025-06-20T10:15:58","modified_gmt":"2025-06-20T08:15:58","slug":"communications-officielles","status":"publish","type":"page","link":"https:\/\/iicmarsiglia.esteri.it\/fr\/chi-siamo\/la-sede\/communications-officielles\/","title":{"rendered":"Communications officielles"},"content":{"rendered":"<p>Vous trouverez dans cette section, les communications officielles de notre Institut et du Minist\u00e8re des Affaires \u00e9trang\u00e8res et de la Coop\u00e9ration internationale.<\/p>\n<h6><\/h6>\n","protected":false},"excerpt":{"rendered":"Vous trouverez dans cette section, les communications officielles de notre Institut et du Minist\u00e8re des Affaires \u00e9trang\u00e8res et de la Coop\u00e9ration internationale.","protected":false},"author":4,"featured_media":0,"parent":86,"menu_order":1,"comment_status":"closed","ping_status":"closed","template":"","meta":{"footnotes":""},"class_list":["post-551","page","type-page","status-publish","hentry"],"_links":{"self":[{"href":"https:\/\/iicmarsiglia.esteri.it\/fr\/wp-json\/wp\/v2\/pages\/551","targetHints":{"allow":["GET"]}}],"collection":[{"href":"https:\/\/iicmarsiglia.esteri.it\/fr\/wp-json\/wp\/v2\/pages"}],"about":[{"href":"https:\/\/iicmarsiglia.esteri.it\/fr\/wp-json\/wp\/v2\/types\/page"}],"author":[{"embeddable":true,"href":"https:\/\/iicmarsiglia.esteri.it\/fr\/wp-json\/wp\/v2\/users\/4"}],"replies":[{"embeddable":true,"href":"https:\/\/iicmarsiglia.esteri.it\/fr\/wp-json\/wp\/v2\/comments?post=551"}],"version-history":[{"count":1,"href":"https:\/\/iicmarsiglia.esteri.it\/fr\/wp-json\/wp\/v2\/pages\/551\/revisions"}],"predecessor-version":[{"id":2799,"href":"https:\/\/iicmarsiglia.esteri.it\/fr\/wp-json\/wp\/v2\/pages\/551\/revisions\/2799"}],"up":[{"embeddable":true,"href":"https:\/\/iicmarsiglia.esteri.it\/fr\/wp-json\/wp\/v2\/pages\/86"}],"wp:attachment":[{"href":"https:\/\/iicmarsiglia.esteri.it\/fr\/wp-json\/wp\/v2\/media?parent=551"}],"curies":[{"name":"wp","href":"https:\/\/api.w.org\/{rel}","templated":true}]}}