{"id":644,"date":"2023-05-16T09:27:05","date_gmt":"2023-05-16T07:27:05","guid":{"rendered":"https:\/\/iicmarsiglia.esteri.it\/?page_id=644"},"modified":"2025-06-19T11:26:41","modified_gmt":"2025-06-19T09:26:41","slug":"histoire","status":"publish","type":"page","link":"https:\/\/iicmarsiglia.esteri.it\/fr\/chi-siamo\/il-personale\/histoire\/","title":{"rendered":"Histoire"},"content":{"rendered":"<p>L\u2019Institut Culturel Italien de Marseille a \u00e9t\u00e9 fond\u00e9 en 1951 suite \u00e0 l\u2019Accord Culturel franco-italien sign\u00e9 \u00e0 Paris en 1949.<\/p>\n<p>L\u2019Institut s&rsquo;est install\u00e9 au sein de l\u2019ancienne Casa d\u2019Italia, construite en 1936-37. Ce complexe architectural, qui comprend \u00e9galement le Consulat G\u00e9n\u00e9ral d\u2019Italie, a \u00e9t\u00e9 r\u00e9alis\u00e9 d&rsquo;apr\u00e8s le projet des architectes Antonio Lamaro, Paolo Gid Ales et Julio Carrano, dans le style ventennio qui se caract\u00e9rise par ses lignes arrondies, ses petites terrasses circulaires, ses profils de fer, et qui a influenc\u00e9 certaines constructions du quartier&#8230;<\/p>\n<p>A la t\u00eate de l\u2019Institut Culturel Italien de Marseille se sont succ\u00e9d\u00e9s depuis de 1972: Ezio Benedetti, Alberto del Pizzo, Renzo Milani, Luisa Marini, Govanni Varsi, Claudia Toffolo, Giovanna Rizza, Fiorella Festa Farina, Mara Muscetta, Fortunato Ceraso, Fulvia Veneziani, Maria Lella, la Directrice par int\u00e9rim Valeria Rumori du 31.8.2009 au 11.4.2010, le Directeur Elio Traina du 12 avril 2010 au 31.01.2012, la Directrice par int\u00e9rim Valeria Rumori 31 janvier 2012 \u2013 11.06.2012 et la Directrice Roberta Alberotanza du 11 juin 2012 au 30 avril 2015. Du mois d\u2019avril 2015 au mois de novembre 2017 l\u2019Institut a \u00e9t\u00e9 dirig\u00e9 par le Consul G\u00e9n\u00e9ral Fabrizio Mazza, de novembre 2017 en ao\u00fbt 2020 par l\u2019Addetto Reggente Francesco Neri, de septembre 2020 a octobre 2023 par la directrice Paola Ciccolella et\u00a0 actuellement, depuis le 6 novembre 2023, par le directeur Angelo Izzo.<\/p>\n<p>L\u2019Institut Culturel Italien de Marseille dispose de structures pour l&rsquo;organisation des \u00e9v\u00e9nements et des activit\u00e9s culturelles: une salle de th\u00e9\u00e2tre et une salle d&rsquo;exposition, une cabine de projection, une sc\u00e8ne, trois salles \u00e9quip\u00e9es pour les cours de langue italienne, une biblioth\u00e8que et une vid\u00e9oth\u00e8que ouvertes au public.<\/p>\n","protected":false},"excerpt":{"rendered":"L\u2019Institut Culturel Italien de Marseille a \u00e9t\u00e9 fond\u00e9 en 1951 suite \u00e0 l\u2019Accord Culturel franco-italien sign\u00e9 \u00e0 Paris en 1949. L\u2019Institut s&rsquo;est install\u00e9 au sein de l\u2019ancienne Casa d\u2019Italia, construite en 1936-37. Ce complexe architectural, qui comprend \u00e9galement le Consulat G\u00e9n\u00e9ral d\u2019Italie, a \u00e9t\u00e9 r\u00e9alis\u00e9 d&rsquo;apr\u00e8s le projet des architectes Antonio Lamaro, Paolo Gid Ales [&hellip;]","protected":false},"author":4,"featured_media":0,"parent":85,"menu_order":0,"comment_status":"closed","ping_status":"closed","template":"","meta":{"footnotes":""},"class_list":["post-644","page","type-page","status-publish","hentry"],"_links":{"self":[{"href":"https:\/\/iicmarsiglia.esteri.it\/fr\/wp-json\/wp\/v2\/pages\/644","targetHints":{"allow":["GET"]}}],"collection":[{"href":"https:\/\/iicmarsiglia.esteri.it\/fr\/wp-json\/wp\/v2\/pages"}],"about":[{"href":"https:\/\/iicmarsiglia.esteri.it\/fr\/wp-json\/wp\/v2\/types\/page"}],"author":[{"embeddable":true,"href":"https:\/\/iicmarsiglia.esteri.it\/fr\/wp-json\/wp\/v2\/users\/4"}],"replies":[{"embeddable":true,"href":"https:\/\/iicmarsiglia.esteri.it\/fr\/wp-json\/wp\/v2\/comments?post=644"}],"version-history":[{"count":3,"href":"https:\/\/iicmarsiglia.esteri.it\/fr\/wp-json\/wp\/v2\/pages\/644\/revisions"}],"predecessor-version":[{"id":12018,"href":"https:\/\/iicmarsiglia.esteri.it\/fr\/wp-json\/wp\/v2\/pages\/644\/revisions\/12018"}],"up":[{"embeddable":true,"href":"https:\/\/iicmarsiglia.esteri.it\/fr\/wp-json\/wp\/v2\/pages\/85"}],"wp:attachment":[{"href":"https:\/\/iicmarsiglia.esteri.it\/fr\/wp-json\/wp\/v2\/media?parent=644"}],"curies":[{"name":"wp","href":"https:\/\/api.w.org\/{rel}","templated":true}]}}