{"id":74,"date":"2023-04-03T20:29:59","date_gmt":"2023-04-03T18:29:59","guid":{"rendered":"https:\/\/iicmarsiglia.esteri.it\/chi-siamo\/"},"modified":"2023-05-17T14:55:17","modified_gmt":"2023-05-17T12:55:17","slug":"chi-siamo","status":"publish","type":"page","link":"https:\/\/iicmarsiglia.esteri.it\/fr\/chi-siamo\/","title":{"rendered":"Qui sommes-nous"},"content":{"rendered":"<p>L\u2019Istituto Italiano di Cultura de Marseille est une institution publique \u00e9manant du Minist\u00e8re Italien des Affaires Etrang\u00e8res.<\/p>\n<p>Sa mission principale est la diffusion de la langue et de la culture italiennes en France et plus particuli\u00e8rement en Provence-Alpes-C\u00f4te d\u2019Azur, Corse, Languedoc-Roussillon, Midi-Pyr\u00e9n\u00e9es et Nouvelle Aquitaine \u00e0 travers l\u2019organisation d\u2019\u00e9v\u00e9nements culturels et de cours de langue afin de favoriser la circulation des id\u00e9es, des arts et des sciences.<\/p>\n<p><strong>SERVICES :<\/strong><br \/>\nL\u2019IIC de Marseille offre au public les services suivants :<br \/>\no Cours de langue et civilisation italiennes, assur\u00e9s par des professeurs langue maternelle et sp\u00e9cialis\u00e9s dans l\u2019enseignement de l\u2019italien.<br \/>\no Deux sessions annuelles d\u2019examens pour l\u2019obtention des dipl\u00f4mes de comp\u00e9tence d\u2019italien comme langue \u00e9trang\u00e8re (CILS de Siena).<br \/>\no Une M\u00e9diath\u00e8que \u00e0 la disposition des adh\u00e9rents de l\u2019Institut\u00a0 pour consulter et emprunter livres, CD, DVD, revues et journaux.<br \/>\no Service d\u2019information et de documentation sur le domaine culturel italien et sur les Bourses d\u2019\u00e9tude.<\/p>\n<p><strong>COLLABORATIONS:<\/strong><\/p>\n<p>L&rsquo;IIC collabore principalement avec Mucem, Mus\u00e9e Granet, Universit\u00e9 Aix-Marseille, les Comit\u00e9s Dante Alighieri de la circonscription, le cin\u00e9ma Les Vari\u00e9t\u00e9s de Marseille, l&rsquo;Espace Magnan de Nice, l&rsquo;association Sonica Vibes, l&rsquo;association des Pi\u00e9montais d&rsquo;Aix et d&rsquo;autres.<\/p>\n<p>Parmi les principaux festivals auxquels l\u2019Institut participe r\u00e9guli\u00e8rement, nous pouvons citer:\u00a0 le Festival Mars en Baroque,\u00a0 les Rencontres du cin\u00e9ma italien \u00e0 Toulouse et \u00e0 M\u00e9nerbes,\u00a0 Festival Le printemps italien de Bordeaux, Music &amp; Cin\u00e9ma de Marseille, Films Femmes M\u00e9diterran\u00e9e et Festival F.I.D. Marseille, le Festival Polar du Sud de Toulouse, le Festival Oh les beaux jours de Marseille, le Festival Ciao Moka! de Marseille, la F\u00eate de la Musique et d&rsquo;autres.<\/p>\n<p>L\u2019IIC participe chaque ann\u00e9e \u00e0 la Foire Internationale de Marseille et de Montpellier. Depuis 2016 il participe \u00e0 l&rsquo;organisation de la Semaine Italienne en Avignon qui se d\u00e9roule en octobre. L&rsquo;IIC fait partie du r\u00e9seau europ\u00e9en EUNIC Marseille (Istituto Italiano di Cultura Marseille, Goethe-Institut Marseille, Consulat G\u00e9n\u00e9ral d&rsquo;Espagne Marseille).<\/p>\n","protected":false},"excerpt":{"rendered":"L\u2019Istituto Italiano di Cultura de Marseille est une institution publique \u00e9manant du Minist\u00e8re Italien des Affaires Etrang\u00e8res. Sa mission principale est la diffusion de la langue et de la culture italiennes en France et plus particuli\u00e8rement en Provence-Alpes-C\u00f4te d\u2019Azur, Corse, Languedoc-Roussillon, Midi-Pyr\u00e9n\u00e9es et Nouvelle Aquitaine \u00e0 travers l\u2019organisation d\u2019\u00e9v\u00e9nements culturels et de cours de langue [&hellip;]","protected":false},"author":1,"featured_media":0,"parent":0,"menu_order":2,"comment_status":"closed","ping_status":"closed","template":"","meta":{"footnotes":""},"class_list":["post-74","page","type-page","status-publish","hentry"],"_links":{"self":[{"href":"https:\/\/iicmarsiglia.esteri.it\/fr\/wp-json\/wp\/v2\/pages\/74","targetHints":{"allow":["GET"]}}],"collection":[{"href":"https:\/\/iicmarsiglia.esteri.it\/fr\/wp-json\/wp\/v2\/pages"}],"about":[{"href":"https:\/\/iicmarsiglia.esteri.it\/fr\/wp-json\/wp\/v2\/types\/page"}],"author":[{"embeddable":true,"href":"https:\/\/iicmarsiglia.esteri.it\/fr\/wp-json\/wp\/v2\/users\/1"}],"replies":[{"embeddable":true,"href":"https:\/\/iicmarsiglia.esteri.it\/fr\/wp-json\/wp\/v2\/comments?post=74"}],"version-history":[{"count":0,"href":"https:\/\/iicmarsiglia.esteri.it\/fr\/wp-json\/wp\/v2\/pages\/74\/revisions"}],"wp:attachment":[{"href":"https:\/\/iicmarsiglia.esteri.it\/fr\/wp-json\/wp\/v2\/media?parent=74"}],"curies":[{"name":"wp","href":"https:\/\/api.w.org\/{rel}","templated":true}]}}