{"id":75,"date":"2023-04-03T20:30:34","date_gmt":"2023-04-03T18:30:34","guid":{"rendered":"https:\/\/iicmarsiglia.esteri.it\/lingua-e-cultura\/"},"modified":"2023-05-05T14:32:46","modified_gmt":"2023-05-05T12:32:46","slug":"lingua-e-cultura","status":"publish","type":"page","link":"https:\/\/iicmarsiglia.esteri.it\/fr\/lingua-e-cultura\/","title":{"rendered":"Langue et Culture"},"content":{"rendered":"<p>L\u2019Institut Culturel Italien de Marseille est une institution publique \u00e9manant du Minist\u00e8re Italien des Affaires Etrang\u00e8res. Il est le seul organisme officiel pour la langue et la culture italiennes \u00e0 Marseille depuis 1951.<\/p>\n<p>Les \u00e9tudiants choisissent l\u2019Institut Culturel Italien de Marseille parce que :<br \/>\n&#8211; Il propose des cours d\u2019italien depuis 30 ans.<br \/>\n&#8211;\u00a0C&rsquo;est une institution culturelle gouvernementale\u00a0qui a la mission de promouvoir et d\u00e9fendre la langue et la culture italienne dans le Sud de la France.<br \/>\n&#8211; Il emploie exclusivement des enseignants de langue maternelle italienne, sp\u00e9cialis\u00e9s dans l\u2019enseignement de l\u2019italien aux \u00e9trangers.<br \/>\n&#8211; Il permet d\u2019acc\u00e9der \u00e0 une biblioth\u00e8que riche de plus de 18000 volumes, mais aussi \u00e0 des DVD, vid\u00e9os, CD, revues et journaux.<br \/>\n&#8211; Il offre des cours de langue en pr\u00e9sence et en ligne, individuels et collectifs. Des cours th\u00e9matiques (litt\u00e9rature, art et architecture).<br \/>\n&#8211; Il organise chaque semaine des manifestations culturelles ouvertes au public.<br \/>\n&#8211; Il propose des r\u00e9ductions des prix des cours d&rsquo;italien en Italie.<br \/>\n&#8211; Il est conventionn\u00e9\u00a0 pour la certification de la connaissance de l\u2019italien CILS (Universit\u00e0 per stranieri di Siena).<br \/>\n&#8211; Les cours de l&rsquo;Institut\u00a0sont divis\u00e9s en 6 niveaux de comp\u00e9tence A1 A2 B1 B2 C1 C2, pr\u00e9vus par le Cadre europ\u00e9en de r\u00e9f\u00e9rence : CECRL.<\/p>\n","protected":false},"excerpt":{"rendered":"L\u2019Institut Culturel Italien de Marseille est une institution publique \u00e9manant du Minist\u00e8re Italien des Affaires Etrang\u00e8res. Il est le seul organisme officiel pour la langue et la culture italiennes \u00e0 Marseille depuis 1951. Les \u00e9tudiants choisissent l\u2019Institut Culturel Italien de Marseille parce que : &#8211; Il propose des cours d\u2019italien depuis 30 ans. &#8211;\u00a0C&rsquo;est une [&hellip;]","protected":false},"author":1,"featured_media":0,"parent":0,"menu_order":4,"comment_status":"closed","ping_status":"closed","template":"","meta":{"footnotes":""},"class_list":["post-75","page","type-page","status-publish","hentry"],"_links":{"self":[{"href":"https:\/\/iicmarsiglia.esteri.it\/fr\/wp-json\/wp\/v2\/pages\/75","targetHints":{"allow":["GET"]}}],"collection":[{"href":"https:\/\/iicmarsiglia.esteri.it\/fr\/wp-json\/wp\/v2\/pages"}],"about":[{"href":"https:\/\/iicmarsiglia.esteri.it\/fr\/wp-json\/wp\/v2\/types\/page"}],"author":[{"embeddable":true,"href":"https:\/\/iicmarsiglia.esteri.it\/fr\/wp-json\/wp\/v2\/users\/1"}],"replies":[{"embeddable":true,"href":"https:\/\/iicmarsiglia.esteri.it\/fr\/wp-json\/wp\/v2\/comments?post=75"}],"version-history":[{"count":0,"href":"https:\/\/iicmarsiglia.esteri.it\/fr\/wp-json\/wp\/v2\/pages\/75\/revisions"}],"wp:attachment":[{"href":"https:\/\/iicmarsiglia.esteri.it\/fr\/wp-json\/wp\/v2\/media?parent=75"}],"curies":[{"name":"wp","href":"https:\/\/api.w.org\/{rel}","templated":true}]}}