{"id":802,"date":"2023-05-08T14:41:58","date_gmt":"2023-05-08T12:41:58","guid":{"rendered":"https:\/\/iicmarsiglia.esteri.it\/?page_id=802"},"modified":"2025-06-26T15:11:41","modified_gmt":"2025-06-26T13:11:41","slug":"802-2","status":"publish","type":"page","link":"https:\/\/iicmarsiglia.esteri.it\/fr\/news\/multimedia\/espace-presse\/802-2\/","title":{"rendered":""},"content":{"rendered":"<p id=\"tw-target-text\" class=\"tw-data-text tw-text-large tw-ta\" dir=\"ltr\" data-placeholder=\"Traduzione\"><span class=\"Y2IQFc\" lang=\"fr\"><a href=\"https:\/\/iicmarsiglia.esteri.it\/wp-content\/uploads\/2025\/06\/FR-SETTIMANA-LINGUA-ITALIANA-2024.odt\">FR SETTIMANA LINGUA ITALIANA 2024<\/a><a href=\"https:\/\/iicmarsiglia.esteri.it\/wp-content\/uploads\/2025\/06\/FR-SETTIMANA-LINGUA-ITALIANA-2024-1.odt\">FR SETTIMANA LINGUA ITALIANA 2024<\/a><a href=\"https:\/\/iicmarsiglia.esteri.it\/wp-content\/uploads\/2025\/06\/FR-SETTIMANA-LINGUA-ITALIANA-2024-2.odt\">FR SETTIMANA LINGUA ITALIANA 2024<\/a>Dans cette rubrique, vous pouvez t\u00e9l\u00e9charger les communiqu\u00e9s de presse relatifs \u00e0 nos initiatives :<\/span><\/p>\n<h3 dir=\"ltr\" data-placeholder=\"Traduzione\">2025<\/h3>\n<p><a href=\"https:\/\/iicmarsiglia.esteri.it\/wp-content\/uploads\/2025\/06\/FR-COMUNICATO-CARLA-LONZI-2.pdf\">Carla LONZI<\/a><\/p>\n<p><a href=\"https:\/\/iicmarsiglia.esteri.it\/wp-content\/uploads\/2025\/06\/FR-COMUNICATO-DANS-MA-JUNGLE-26-MARZO-2025-1.pdf\">Mostra DANS MA JUNGLE<\/a><\/p>\n<p><a href=\"https:\/\/iicmarsiglia.esteri.it\/wp-content\/uploads\/2025\/06\/FR-COMUNICATO-LA-CASA-DITALIA-16-GENNAIO-25-1.pdf\">CONFERENZA CASA D &lsquo;ITALIA<\/a><\/p>\n<h3><\/h3>\n<h3><strong>2024<\/strong><\/h3>\n<p><a href=\"https:\/\/iicmarsiglia.esteri.it\/wp-content\/uploads\/2025\/06\/FR-COMMUNIQUE-ADARTE-2024-IIC-1.pdf\">ADARTE CREAZIONE DANZA<\/a><\/p>\n<p><a href=\"https:\/\/iicmarsiglia.esteri.it\/wp-content\/uploads\/2025\/06\/FR-SETTIMANA-LINGUA-ITALIANA-2024-3.odt\">FR SETTIMANA LINGUA ITALIANA 2024<\/a><\/p>\n<p><a href=\"https:\/\/iicmarsiglia.esteri.it\/wp-content\/uploads\/2025\/06\/FR-FORZA-AZZURRI-CONF-E-MOSTRA-2024.odt\">FR FORZA AZZURRI CONF E MOSTRA 2024<\/a><\/p>\n<h3 dir=\"ltr\" data-placeholder=\"Traduzione\">2023<\/h3>\n<p><span style=\"color: #0000ff;\"><a style=\"color: #0000ff;\" href=\"https:\/\/iicmarsiglia.esteri.it\/wp-content\/uploads\/2023\/05\/COMMUNIQUE-EUNIC-MAI-2023.pdf\">Net Zero Transition 16 Mai<\/a><\/span><\/p>\n<p><span style=\"color: #0000ff;\"><a style=\"color: #0000ff;\" href=\"https:\/\/iicmarsiglia.esteri.it\/wp-content\/uploads\/2023\/05\/IT-COMUNICATO-SOIREE-MARIA-SIGNORELLI-2023.pdf\">Maria Signorelli 10 Mai<\/a><\/span><\/p>\n<p><span style=\"color: #0000ff;\"><a style=\"color: #0000ff;\" href=\"https:\/\/iicmarsiglia.esteri.it\/wp-content\/uploads\/2023\/05\/FR-COMMUNIQUE-MAREE-DELLA-MEMOIRE.pdf\">Maree della memoria<\/a><a style=\"color: #0000ff;\" href=\"https:\/\/iicmarsiglia.esteri.it\/wp-content\/uploads\/2023\/05\/FR-COMMUNIQUE-MAREE-DELLA-MEMOIRE.pdf\"> 3 Mai<\/a><\/span><\/p>\n<p><span style=\"color: #0000ff;\"><a style=\"color: #0000ff;\" href=\"https:\/\/iicmarsiglia.esteri.it\/it\/news\/multimedia\/sala-stampa\/comunicati-stampa\/fr-communique-duo-corda-voce\/\">Duo Cordavoce 12 Avril<\/a><\/span><\/p>\n<p><span style=\"color: #0000ff;\"><a style=\"color: #0000ff;\" href=\"https:\/\/iicmarsiglia.esteri.it\/wp-content\/uploads\/2023\/05\/fr-communique-presse-rhizomes.pdf\">Rhizomes Marco Angelini 16 Mars<\/a><\/span><\/p>\n<p><span style=\"color: #0000ff;\"><a style=\"color: #0000ff;\" href=\"https:\/\/iicmarsiglia.esteri.it\/wp-content\/uploads\/2023\/05\/FR-COMMUNIQUE-MARA-SERVETTO-IDD-2023.pdf\">Italian design day 9 Mars<\/a><\/span><\/p>\n<p><span style=\"color: #0000ff;\"><a style=\"color: #0000ff;\" href=\"https:\/\/iicmarsiglia.esteri.it\/wp-content\/uploads\/2023\/05\/COMMUNIQUE-PETITE-NAPLES-2023-MUCEM.pdf\">La piccola Napoli 2 F\u00e9vrier\u00a0<\/a><\/span><\/p>\n<p><span style=\"color: #0000ff;\"><a style=\"color: #0000ff;\" href=\"https:\/\/iicmarsiglia.esteri.it\/wp-content\/uploads\/2023\/05\/COMMUNIQUE-JOURNEE-DE-LA-MEMOIRE-2023.pdf\">Giornata della memoria 30 Janvier\u00a0<\/a><\/span><\/p>\n","protected":false},"excerpt":{"rendered":"FR SETTIMANA LINGUA ITALIANA 2024FR SETTIMANA LINGUA ITALIANA 2024FR SETTIMANA LINGUA ITALIANA 2024Dans cette rubrique, vous pouvez t\u00e9l\u00e9charger les communiqu\u00e9s de presse relatifs \u00e0 nos initiatives : 2025 Carla LONZI Mostra DANS MA JUNGLE CONFERENZA CASA D &lsquo;ITALIA 2024 ADARTE CREAZIONE DANZA FR SETTIMANA LINGUA ITALIANA 2024 FR FORZA AZZURRI CONF E MOSTRA 2024 2023 [&hellip;]","protected":false},"author":3,"featured_media":0,"parent":483,"menu_order":0,"comment_status":"closed","ping_status":"closed","template":"","meta":{"footnotes":""},"class_list":["post-802","page","type-page","status-publish","hentry"],"_links":{"self":[{"href":"https:\/\/iicmarsiglia.esteri.it\/fr\/wp-json\/wp\/v2\/pages\/802","targetHints":{"allow":["GET"]}}],"collection":[{"href":"https:\/\/iicmarsiglia.esteri.it\/fr\/wp-json\/wp\/v2\/pages"}],"about":[{"href":"https:\/\/iicmarsiglia.esteri.it\/fr\/wp-json\/wp\/v2\/types\/page"}],"author":[{"embeddable":true,"href":"https:\/\/iicmarsiglia.esteri.it\/fr\/wp-json\/wp\/v2\/users\/3"}],"replies":[{"embeddable":true,"href":"https:\/\/iicmarsiglia.esteri.it\/fr\/wp-json\/wp\/v2\/comments?post=802"}],"version-history":[{"count":6,"href":"https:\/\/iicmarsiglia.esteri.it\/fr\/wp-json\/wp\/v2\/pages\/802\/revisions"}],"predecessor-version":[{"id":12467,"href":"https:\/\/iicmarsiglia.esteri.it\/fr\/wp-json\/wp\/v2\/pages\/802\/revisions\/12467"}],"up":[{"embeddable":true,"href":"https:\/\/iicmarsiglia.esteri.it\/fr\/wp-json\/wp\/v2\/pages\/483"}],"wp:attachment":[{"href":"https:\/\/iicmarsiglia.esteri.it\/fr\/wp-json\/wp\/v2\/media?parent=802"}],"curies":[{"name":"wp","href":"https:\/\/api.w.org\/{rel}","templated":true}]}}