{"id":86,"date":"2023-04-03T20:55:02","date_gmt":"2023-04-03T18:55:02","guid":{"rendered":"https:\/\/iicmarsiglia.esteri.it\/chi-siamo\/la-sede\/"},"modified":"2023-05-17T15:38:11","modified_gmt":"2023-05-17T13:38:11","slug":"la-sede","status":"publish","type":"page","link":"https:\/\/iicmarsiglia.esteri.it\/fr\/chi-siamo\/la-sede\/","title":{"rendered":"Le si\u00e8ge"},"content":{"rendered":"<p>Le si\u00e8ge de l&rsquo;Institut se trouve\u00a0 dans l\u2019immeuble de l\u2019ancienne Casa d\u2019Italia construite entre 1936 et 1937 , selon le projet r\u00e9alis\u00e9 par les architectes Antonio Lamaro, Paolo Gid Ales et Julio Carrano. Situ\u00e9 dans l\u2019enceinte du Consulat G\u00e9n\u00e9ral d\u2019Italie \u00e0 Marseille, le b\u00e2timent fait partie d\u2019un ensemble architectural prot\u00e9g\u00e9 et ins\u00e9r\u00e9 dans les archives du patrimoine de la ville de Marseille.<\/p>\n<p>&nbsp;<\/p>\n","protected":false},"excerpt":{"rendered":"Le si\u00e8ge de l&rsquo;Institut se trouve\u00a0 dans l\u2019immeuble de l\u2019ancienne Casa d\u2019Italia construite entre 1936 et 1937 , selon le projet r\u00e9alis\u00e9 par les architectes Antonio Lamaro, Paolo Gid Ales et Julio Carrano. Situ\u00e9 dans l\u2019enceinte du Consulat G\u00e9n\u00e9ral d\u2019Italie \u00e0 Marseille, le b\u00e2timent fait partie d\u2019un ensemble architectural prot\u00e9g\u00e9 et ins\u00e9r\u00e9 dans les archives [&hellip;]","protected":false},"author":1,"featured_media":0,"parent":74,"menu_order":2,"comment_status":"closed","ping_status":"closed","template":"","meta":{"footnotes":""},"class_list":["post-86","page","type-page","status-publish","hentry"],"_links":{"self":[{"href":"https:\/\/iicmarsiglia.esteri.it\/fr\/wp-json\/wp\/v2\/pages\/86","targetHints":{"allow":["GET"]}}],"collection":[{"href":"https:\/\/iicmarsiglia.esteri.it\/fr\/wp-json\/wp\/v2\/pages"}],"about":[{"href":"https:\/\/iicmarsiglia.esteri.it\/fr\/wp-json\/wp\/v2\/types\/page"}],"author":[{"embeddable":true,"href":"https:\/\/iicmarsiglia.esteri.it\/fr\/wp-json\/wp\/v2\/users\/1"}],"replies":[{"embeddable":true,"href":"https:\/\/iicmarsiglia.esteri.it\/fr\/wp-json\/wp\/v2\/comments?post=86"}],"version-history":[{"count":0,"href":"https:\/\/iicmarsiglia.esteri.it\/fr\/wp-json\/wp\/v2\/pages\/86\/revisions"}],"up":[{"embeddable":true,"href":"https:\/\/iicmarsiglia.esteri.it\/fr\/wp-json\/wp\/v2\/pages\/74"}],"wp:attachment":[{"href":"https:\/\/iicmarsiglia.esteri.it\/fr\/wp-json\/wp\/v2\/media?parent=86"}],"curies":[{"name":"wp","href":"https:\/\/api.w.org\/{rel}","templated":true}]}}