{"id":88,"date":"2023-04-03T20:55:37","date_gmt":"2023-04-03T18:55:37","guid":{"rendered":"https:\/\/iicmarsiglia.esteri.it\/lingua-e-cultura\/i-corsi-di-lingua\/"},"modified":"2025-07-17T10:26:10","modified_gmt":"2025-07-17T08:26:10","slug":"i-corsi-di-lingua","status":"publish","type":"page","link":"https:\/\/iicmarsiglia.esteri.it\/fr\/lingua-e-cultura\/i-corsi-di-lingua\/","title":{"rendered":"Cours de langue"},"content":{"rendered":"<p><span style=\"color: #800000;\"><strong>Inscriptions \u00e0 partir du 1\u00b0 septembre 2025<\/strong><\/span><\/p>\n<p>L\u2019Istituto Italiano di Cultura di Marsiglia propose des cours de langue italienne depuis 30 ans. Les enseignants, tous de langue maternelle italienne, sont sp\u00e9cialis\u00e9s dans l\u2019enseignement de l\u2019italien aux \u00e9trangers. Les cours sont dispens\u00e9s dans les locaux de l\u2019IIC Marseille (6 rue Fernand Pauriol), dans des salles \u00e9quip\u00e9es de mat\u00e9riel audiovisuel.<\/p>\n<p>L\u2019offre de l\u2019Istituto comprend des cours g\u00e9n\u00e9raux et th\u00e9matiques, collectifs et particuliers, en pr\u00e9sentiel et en distanciel. Tous les d\u00e9tails sur notre page <a href=\"https:\/\/iicmarsiglia.esteri.it\/fr\/lingua-e-cultura\/i-corsi-di-lingua\/offre-pedagogique-2\/\">Offre p\u00e9dagogique<\/a>. <u><\/u><\/p>\n<p>Retrouvez toutes les informations concernant le calendrier des cours, les co\u00fbts et r\u00e9ductions et les tests de niveau pour \u00e9voluer son niveau de d\u00e9part sur notre page\u00a0<a href=\"https:\/\/iicmarsiglia.esteri.it\/fr\/lingua-e-cultura\/i-corsi-di-lingua\/modalites-dinscription\/\"><u>Modalit\u00e9s d\u2019inscription<\/u><\/a>.<\/p>\n","protected":false},"excerpt":{"rendered":"Inscriptions \u00e0 partir du 1\u00b0 septembre 2025 L\u2019Istituto Italiano di Cultura di Marsiglia propose des cours de langue italienne depuis 30 ans. Les enseignants, tous de langue maternelle italienne, sont sp\u00e9cialis\u00e9s dans l\u2019enseignement de l\u2019italien aux \u00e9trangers. Les cours sont dispens\u00e9s dans les locaux de l\u2019IIC Marseille (6 rue Fernand Pauriol), dans des salles \u00e9quip\u00e9es [&hellip;]","protected":false},"author":1,"featured_media":0,"parent":75,"menu_order":0,"comment_status":"closed","ping_status":"closed","template":"","meta":{"footnotes":""},"class_list":["post-88","page","type-page","status-publish","hentry"],"_links":{"self":[{"href":"https:\/\/iicmarsiglia.esteri.it\/fr\/wp-json\/wp\/v2\/pages\/88","targetHints":{"allow":["GET"]}}],"collection":[{"href":"https:\/\/iicmarsiglia.esteri.it\/fr\/wp-json\/wp\/v2\/pages"}],"about":[{"href":"https:\/\/iicmarsiglia.esteri.it\/fr\/wp-json\/wp\/v2\/types\/page"}],"author":[{"embeddable":true,"href":"https:\/\/iicmarsiglia.esteri.it\/fr\/wp-json\/wp\/v2\/users\/1"}],"replies":[{"embeddable":true,"href":"https:\/\/iicmarsiglia.esteri.it\/fr\/wp-json\/wp\/v2\/comments?post=88"}],"version-history":[{"count":6,"href":"https:\/\/iicmarsiglia.esteri.it\/fr\/wp-json\/wp\/v2\/pages\/88\/revisions"}],"predecessor-version":[{"id":12551,"href":"https:\/\/iicmarsiglia.esteri.it\/fr\/wp-json\/wp\/v2\/pages\/88\/revisions\/12551"}],"up":[{"embeddable":true,"href":"https:\/\/iicmarsiglia.esteri.it\/fr\/wp-json\/wp\/v2\/pages\/75"}],"wp:attachment":[{"href":"https:\/\/iicmarsiglia.esteri.it\/fr\/wp-json\/wp\/v2\/media?parent=88"}],"curies":[{"name":"wp","href":"https:\/\/api.w.org\/{rel}","templated":true}]}}