{"id":90,"date":"2023-04-03T20:56:11","date_gmt":"2023-04-03T18:56:11","guid":{"rendered":"https:\/\/iicmarsiglia.esteri.it\/lingua-e-cultura\/certificazioni\/"},"modified":"2026-04-16T14:32:37","modified_gmt":"2026-04-16T12:32:37","slug":"certificazioni","status":"publish","type":"page","link":"https:\/\/iicmarsiglia.esteri.it\/fr\/lingua-e-cultura\/certificazioni\/","title":{"rendered":"Certifications"},"content":{"rendered":"<p><strong>EXAMENS DE CERTIFICATION DE LA LANGUE ITALIENNE<\/strong><\/p>\n<p>L\u2019Institut Culturel Italien de Marseille est conventionn\u00e9 avec le\u00a0<a href=\"https:\/\/www.unistrasi.it\/\"><strong>Centre <\/strong><strong>CILS<\/strong><\/a> (UNISTRASI &#8211; Universit\u00e0 per Stranieri di Siena) pour le d\u00e9roulement des examens afin d&rsquo;obtenir la certification de la connaissance de la langue italienne.<\/p>\n<p>Il n\u2019y a pas de limite d\u2019\u00e2ge et il n\u2019est pas indispensable de poss\u00e9der des titres d\u2019\u00e9tudes particuliers ni d\u2019avoir r\u00e9ussi un examen CILS de niveau inf\u00e9rieur.<\/p>\n<p>La CILS (Certificazione dell\u2019Italiano come Lingua Straniera) est un instrument officiel qui permet de certifier d\u2019un niveau de ma\u00eetrise de la langue italienne. CILS pr\u00e9voit six niveaux de connaissance de la langue A1, A2, B1, B2, C1 et C2 ; pr\u00e9conis\u00e9s par le Cadre Europ\u00e9en de R\u00e9f\u00e9rence Commun pour les Langues.<\/p>\n<p>Les sessions d\u2019examens CILS se d\u00e9roulent en juin et en d\u00e9cembre de chaque ann\u00e9e.<\/p>\n<p><strong>\u00a0En 2026 l&rsquo;examen aura lieu le <\/strong><\/p>\n<p><strong>16 juin avec dernier date\u00a0 d&rsquo;inscription le 18 mars<\/strong><\/p>\n<p><strong>3 d\u00e9cembre avec dernier date\u00a0 d&rsquo;inscription le 15 octobre.<\/strong><\/p>\n<p>Les inscriptions se feront dans l\u2019ordre d\u2019arriv\u00e9e et dans la limite des places disponibles (30 candidats). Veuillez envoyer votre demande de participation avec le formulaire d\u2019adh\u00e9sion et le document d\u2019identit\u00e9 \u00a0et attendre la confirmation avant le r\u00e8glement des frais d\u2019inscription.<\/p>\n<p><strong>\u00a0<\/strong><\/p>\n<p>&nbsp;<\/p>\n","protected":false},"excerpt":{"rendered":"EXAMENS DE CERTIFICATION DE LA LANGUE ITALIENNE L\u2019Institut Culturel Italien de Marseille est conventionn\u00e9 avec le\u00a0Centre CILS (UNISTRASI &#8211; Universit\u00e0 per Stranieri di Siena) pour le d\u00e9roulement des examens afin d&rsquo;obtenir la certification de la connaissance de la langue italienne. Il n\u2019y a pas de limite d\u2019\u00e2ge et il n\u2019est pas indispensable de poss\u00e9der des [&hellip;]","protected":false},"author":1,"featured_media":0,"parent":75,"menu_order":4,"comment_status":"closed","ping_status":"closed","template":"","meta":{"footnotes":""},"class_list":["post-90","page","type-page","status-publish","hentry"],"_links":{"self":[{"href":"https:\/\/iicmarsiglia.esteri.it\/fr\/wp-json\/wp\/v2\/pages\/90","targetHints":{"allow":["GET"]}}],"collection":[{"href":"https:\/\/iicmarsiglia.esteri.it\/fr\/wp-json\/wp\/v2\/pages"}],"about":[{"href":"https:\/\/iicmarsiglia.esteri.it\/fr\/wp-json\/wp\/v2\/types\/page"}],"author":[{"embeddable":true,"href":"https:\/\/iicmarsiglia.esteri.it\/fr\/wp-json\/wp\/v2\/users\/1"}],"replies":[{"embeddable":true,"href":"https:\/\/iicmarsiglia.esteri.it\/fr\/wp-json\/wp\/v2\/comments?post=90"}],"version-history":[{"count":6,"href":"https:\/\/iicmarsiglia.esteri.it\/fr\/wp-json\/wp\/v2\/pages\/90\/revisions"}],"predecessor-version":[{"id":16663,"href":"https:\/\/iicmarsiglia.esteri.it\/fr\/wp-json\/wp\/v2\/pages\/90\/revisions\/16663"}],"up":[{"embeddable":true,"href":"https:\/\/iicmarsiglia.esteri.it\/fr\/wp-json\/wp\/v2\/pages\/75"}],"wp:attachment":[{"href":"https:\/\/iicmarsiglia.esteri.it\/fr\/wp-json\/wp\/v2\/media?parent=90"}],"curies":[{"name":"wp","href":"https:\/\/api.w.org\/{rel}","templated":true}]}}