{"id":91,"date":"2023-04-03T20:56:23","date_gmt":"2023-04-03T18:56:23","guid":{"rendered":"https:\/\/iicmarsiglia.esteri.it\/lingua-e-cultura\/studiare-in-italia\/"},"modified":"2025-06-25T14:35:41","modified_gmt":"2025-06-25T12:35:41","slug":"studiare-in-italia","status":"publish","type":"page","link":"https:\/\/iicmarsiglia.esteri.it\/fr\/lingua-e-cultura\/studiare-in-italia\/","title":{"rendered":"\u00c9tudier en Italie"},"content":{"rendered":"<p>UNIVERSIT\u00c9<\/p>\n<p>Vous trouverez des informations int\u00e9ressantes sur l&rsquo;organisation et sur le fonctionnement des Universit\u00e9s italiennes dans le site du <a href=\"https:\/\/www.mim.gov.it\/\">Ministero dell\u2019Istruzione e del Merito (MIM)<\/a> et <a href=\"https:\/\/www.universitaly.it\/\">Universitaly<\/a><\/p>\n<p>des listes compl\u00e8tes des Univerrsit\u00e9s sur:<\/p>\n<ul>\n<li><a href=\"https:\/\/www.mim.gov.it\/\">Il motore di ricerca del MIM<\/a><\/li>\n<li><a title=\"Vai al sito della CRUI\" href=\"http:\/\/www.crui.it\/\">La pagina dedicata alla CRUI (Conferenza dei Rettori delle Universit\u00e0 Italiane)<\/a><\/li>\n<\/ul>\n<p>Inscriptions d&rsquo;\u00e9tudiants \u00e9trangers<\/p>\n<p>Les \u00e9tudiants \u00e9trangers int\u00e9ress\u00e9s \u00e0 effectuer des \u00e9tudes en Italie peuvent trouver des informations utiles sur le site du <a href=\"https:\/\/www.mim.gov.it\/\">MIM.<\/a><\/p>\n<p>&nbsp;<\/p>\n<p>\u00c9COLES<\/p>\n<p>Des informations g\u00e9n\u00e9rales sur le syst\u00e8me scolaire italien et d&rsquo;autres informations dans la section sp\u00e9cifique du site du\u00a0 <a href=\"https:\/\/www.mim.gov.it\/\">Ministero dell\u2019Istruzione e del Merito (MIM)<\/a>.<\/p>\n<p>La liste compl\u00e8te des \u00e9coles est consultable \u00e0 travers le moteur de recherche:<\/p>\n<ul>\n<li><a title=\"Vai all'archivio delle scuole statali\" href=\"https:\/\/www.miur.gov.it\/web\/guest\/offerta-didattica\">Scuole Statali<\/a><\/li>\n<\/ul>\n<p>HAUTE FORMATION ARTISTIQUE ET MUSICALE:<\/p>\n<ul>\n<li><a title=\"Vai alla lista sul sito del MIUR\" href=\"https:\/\/www.mur.gov.it\/it\/aree-tematiche\/afam\/gli-istituti\">La lista completa delle accademie, dei conservatori e degli Istituti di Alta Formazione Artistica e Musicale<\/a><\/li>\n<\/ul>\n<p>POUR DEVENIR ENSEIGNANT DE LANGUE ITALIENNE (LANGUE 2)<\/p>\n<ul>\n<li><a title=\"Vai al sito web del progetto ITALS\" href=\"https:\/\/www.itals.it\/\">Progetto ITALS<\/a>\u00a0\u2013 Dipartimento di Scienze del Linguaggio dell\u2019Universit\u00e0 Ca\u2019 Foscari di Venezia<\/li>\n<li><a title=\"Vai al sito web del DITALS\" href=\"http:\/\/ditals.com\/\">DITALS<\/a>\u00a0\u2013 Certificazione di competenza in didattica dell\u2019italiano a stranieri \u2013 Universit\u00e0 per Stranieri di Siena<\/li>\n<li><a href=\"https:\/\/www.unistrapg.it\/it\/studiare-alla-stranieri\/corsi-di-laurea-e-laurea-magistrale\/italiano-l-insegnamento-stranieri-itas\">Laurea in insegnamento della lingua e della cultura italiana a stranieri<\/a>\u00a0\u2013 Universit\u00e0 per Stranieri di Perugia<\/li>\n<\/ul>\n","protected":false},"excerpt":{"rendered":"UNIVERSIT\u00c9 Vous trouverez des informations int\u00e9ressantes sur l&rsquo;organisation et sur le fonctionnement des Universit\u00e9s italiennes dans le site du Ministero dell\u2019Istruzione e del Merito (MIM) et Universitaly des listes compl\u00e8tes des Univerrsit\u00e9s sur: Il motore di ricerca del MIM La pagina dedicata alla CRUI (Conferenza dei Rettori delle Universit\u00e0 Italiane) Inscriptions d&rsquo;\u00e9tudiants \u00e9trangers Les \u00e9tudiants [&hellip;]","protected":false},"author":1,"featured_media":0,"parent":75,"menu_order":8,"comment_status":"closed","ping_status":"closed","template":"","meta":{"footnotes":""},"class_list":["post-91","page","type-page","status-publish","hentry"],"_links":{"self":[{"href":"https:\/\/iicmarsiglia.esteri.it\/fr\/wp-json\/wp\/v2\/pages\/91","targetHints":{"allow":["GET"]}}],"collection":[{"href":"https:\/\/iicmarsiglia.esteri.it\/fr\/wp-json\/wp\/v2\/pages"}],"about":[{"href":"https:\/\/iicmarsiglia.esteri.it\/fr\/wp-json\/wp\/v2\/types\/page"}],"author":[{"embeddable":true,"href":"https:\/\/iicmarsiglia.esteri.it\/fr\/wp-json\/wp\/v2\/users\/1"}],"replies":[{"embeddable":true,"href":"https:\/\/iicmarsiglia.esteri.it\/fr\/wp-json\/wp\/v2\/comments?post=91"}],"version-history":[{"count":6,"href":"https:\/\/iicmarsiglia.esteri.it\/fr\/wp-json\/wp\/v2\/pages\/91\/revisions"}],"predecessor-version":[{"id":12265,"href":"https:\/\/iicmarsiglia.esteri.it\/fr\/wp-json\/wp\/v2\/pages\/91\/revisions\/12265"}],"up":[{"embeddable":true,"href":"https:\/\/iicmarsiglia.esteri.it\/fr\/wp-json\/wp\/v2\/pages\/75"}],"wp:attachment":[{"href":"https:\/\/iicmarsiglia.esteri.it\/fr\/wp-json\/wp\/v2\/media?parent=91"}],"curies":[{"name":"wp","href":"https:\/\/api.w.org\/{rel}","templated":true}]}}