{"id":92,"date":"2023-04-03T20:56:47","date_gmt":"2023-04-03T18:56:47","guid":{"rendered":"https:\/\/iicmarsiglia.esteri.it\/lingua-e-cultura\/biblioteca\/"},"modified":"2023-05-17T17:13:46","modified_gmt":"2023-05-17T15:13:46","slug":"biblioteca","status":"publish","type":"page","link":"https:\/\/iicmarsiglia.esteri.it\/fr\/lingua-e-cultura\/biblioteca\/","title":{"rendered":"La biblioth\u00e8que"},"content":{"rendered":"<p>L\u2019Istituto Italiano di Cultura de Marseille dispose d\u2019une biblioth\u00e8que informatis\u00e9e constitu\u00e9e d\u2019environ 18000 livres, 2500\u00a0 DVD, CD et CD-Rom ainsi que des revues de litt\u00e9rature, actualit\u00e9, art, musique. L&rsquo;abonnement en ligne au quotidien Il Corriere della\u00a0 Sera<\/p>\n","protected":false},"excerpt":{"rendered":"L\u2019Istituto Italiano di Cultura de Marseille dispose d\u2019une biblioth\u00e8que informatis\u00e9e constitu\u00e9e d\u2019environ 18000 livres, 2500\u00a0 DVD, CD et CD-Rom ainsi que des revues de litt\u00e9rature, actualit\u00e9, art, musique. L&rsquo;abonnement en ligne au quotidien Il Corriere della\u00a0 Sera","protected":false},"author":1,"featured_media":182,"parent":75,"menu_order":10,"comment_status":"closed","ping_status":"closed","template":"","meta":{"footnotes":""},"class_list":["post-92","page","type-page","status-publish","has-post-thumbnail","hentry"],"_links":{"self":[{"href":"https:\/\/iicmarsiglia.esteri.it\/fr\/wp-json\/wp\/v2\/pages\/92","targetHints":{"allow":["GET"]}}],"collection":[{"href":"https:\/\/iicmarsiglia.esteri.it\/fr\/wp-json\/wp\/v2\/pages"}],"about":[{"href":"https:\/\/iicmarsiglia.esteri.it\/fr\/wp-json\/wp\/v2\/types\/page"}],"author":[{"embeddable":true,"href":"https:\/\/iicmarsiglia.esteri.it\/fr\/wp-json\/wp\/v2\/users\/1"}],"replies":[{"embeddable":true,"href":"https:\/\/iicmarsiglia.esteri.it\/fr\/wp-json\/wp\/v2\/comments?post=92"}],"version-history":[{"count":0,"href":"https:\/\/iicmarsiglia.esteri.it\/fr\/wp-json\/wp\/v2\/pages\/92\/revisions"}],"up":[{"embeddable":true,"href":"https:\/\/iicmarsiglia.esteri.it\/fr\/wp-json\/wp\/v2\/pages\/75"}],"wp:featuredmedia":[{"embeddable":true,"href":"https:\/\/iicmarsiglia.esteri.it\/fr\/wp-json\/wp\/v2\/media\/182"}],"wp:attachment":[{"href":"https:\/\/iicmarsiglia.esteri.it\/fr\/wp-json\/wp\/v2\/media?parent=92"}],"curies":[{"name":"wp","href":"https:\/\/api.w.org\/{rel}","templated":true}]}}