{"id":3944,"date":"2024-01-26T12:20:16","date_gmt":"2024-01-26T11:20:16","guid":{"rendered":"https:\/\/iicmarsiglia.esteri.it\/?page_id=3944"},"modified":"2024-01-30T09:22:01","modified_gmt":"2024-01-30T08:22:01","slug":"atelier-di-conversazione-parliamo-italiano","status":"publish","type":"page","link":"https:\/\/iicmarsiglia.esteri.it\/it\/lingua-e-cultura\/i-corsi-di-lingua\/offerta-didattica\/atelier-di-conversazione-parliamo-italiano\/","title":{"rendered":"Atelier di conversazione"},"content":{"rendered":"<p><strong>Parliamo italiano!<\/strong><\/p>\n<p><strong>Un atelier pratico di conversazione per migliorare l&#8217;espressione orale, in un clima informale e interattivo.<\/strong><\/p>\n<p>A partire dal livello A2<\/p>\n<p>Il gioved\u00ec dalle 16.00 alle 18.00 &#8211; Un incontro al mese, da febbraio a maggio 2024.<\/p>\n<p>Calendario degli incontri:<\/p>\n<ul>\n<li>gioved\u00ec 15 febbraio 2024<\/li>\n<li>gioved\u00ec 21 marzo 2024<\/li>\n<li>gioved\u00ec 11 aprile 2024<\/li>\n<li>gioved\u00ec 23 maggio 2024<\/li>\n<\/ul>\n<p>Tariffa: 100\u20ac per il ciclo di 4 incontri<\/p>\n<p><a href=\"https:\/\/iicmarsiglia.esteri.it\/it\/lingua-e-cultura\/i-corsi-di-lingua\/modalita-di-iscrizione\/\">Modalit\u00e0 d\u2019iscrizione<\/a><\/p>\n<p><strong>Per maggiori informazioni e iscrizioni<\/strong>:<\/p>\n<p>Tel.: 04 91 48 51 94<\/p>\n<p>Mail: <a href=\"mailto:amministrazione.iicmarsiglia@esteri.it\">amministrazione.iicmarsiglia@esteri.it<\/a><\/p>\n","protected":false},"excerpt":{"rendered":"Parliamo italiano! Un atelier pratico di conversazione per migliorare l&#8217;espressione orale, in un clima informale e interattivo. A partire dal livello A2 Il gioved\u00ec dalle 16.00 alle 18.00 &#8211; Un incontro al mese, da febbraio a maggio 2024. Calendario degli incontri: gioved\u00ec 15 febbraio 2024 gioved\u00ec 21 marzo 2024 gioved\u00ec 11 aprile 2024 gioved\u00ec 23 [&hellip;]","protected":false},"author":3,"featured_media":0,"parent":3922,"menu_order":5,"comment_status":"closed","ping_status":"closed","template":"","meta":{"footnotes":""},"class_list":["post-3944","page","type-page","status-publish","hentry"],"_links":{"self":[{"href":"https:\/\/iicmarsiglia.esteri.it\/it\/wp-json\/wp\/v2\/pages\/3944","targetHints":{"allow":["GET"]}}],"collection":[{"href":"https:\/\/iicmarsiglia.esteri.it\/it\/wp-json\/wp\/v2\/pages"}],"about":[{"href":"https:\/\/iicmarsiglia.esteri.it\/it\/wp-json\/wp\/v2\/types\/page"}],"author":[{"embeddable":true,"href":"https:\/\/iicmarsiglia.esteri.it\/it\/wp-json\/wp\/v2\/users\/3"}],"replies":[{"embeddable":true,"href":"https:\/\/iicmarsiglia.esteri.it\/it\/wp-json\/wp\/v2\/comments?post=3944"}],"version-history":[{"count":6,"href":"https:\/\/iicmarsiglia.esteri.it\/it\/wp-json\/wp\/v2\/pages\/3944\/revisions"}],"predecessor-version":[{"id":4082,"href":"https:\/\/iicmarsiglia.esteri.it\/it\/wp-json\/wp\/v2\/pages\/3944\/revisions\/4082"}],"up":[{"embeddable":true,"href":"https:\/\/iicmarsiglia.esteri.it\/it\/wp-json\/wp\/v2\/pages\/3922"}],"wp:attachment":[{"href":"https:\/\/iicmarsiglia.esteri.it\/it\/wp-json\/wp\/v2\/media?parent=3944"}],"curies":[{"name":"wp","href":"https:\/\/api.w.org\/{rel}","templated":true}]}}