{"id":4005,"date":"2024-01-29T10:12:00","date_gmt":"2024-01-29T09:12:00","guid":{"rendered":"https:\/\/iicmarsiglia.esteri.it\/?page_id=4005"},"modified":"2024-01-30T09:21:12","modified_gmt":"2024-01-30T08:21:12","slug":"grammatica-dellitaliano-in-pillole","status":"publish","type":"page","link":"https:\/\/iicmarsiglia.esteri.it\/it\/lingua-e-cultura\/i-corsi-di-lingua\/offerta-didattica\/corsi-tematici\/grammatica-dellitaliano-in-pillole\/","title":{"rendered":"Grammatica dell\u2019italiano in pillole"},"content":{"rendered":"<p><strong>Approfondimento e pratica delle nozioni fondamentali della grammatica italiana<\/strong><\/p>\n<p><span style=\"text-decoration: underline;\">A partire dal livello A2 <\/span><\/p>\n<p>Il mercoled\u00ec dalle 14:00 alle 16:00 &#8211; Un incontro al mese, da febbraio a maggio 2024.<\/p>\n<p>Calendario degli incontri:<\/p>\n<ul>\n<li>mercoled\u00ec 21 febbraio 2024<\/li>\n<li>mercoled\u00ec 13 marzo 2024<\/li>\n<li>mercoled\u00ec 03 aprile 2024<\/li>\n<li>mercoled\u00ec 15 maggio 2024<\/li>\n<\/ul>\n<p>Tariffa: 100\u20ac per il ciclo di 4 incontri<\/p>\n<p><a href=\"https:\/\/iicmarsiglia.esteri.it\/it\/lingua-e-cultura\/i-corsi-di-lingua\/modalita-di-iscrizione\/\">Modalit\u00e0 d\u2019iscrizione<\/a><\/p>\n<p><strong>Per maggiori informazioni e iscrizioni:\u00a0<\/strong><\/p>\n<p>Tel.: 04 91 48 51 94<\/p>\n<p>Mail: <a href=\"mailto:amministrazione.iicmarsiglia@esteri.it\">amministrazione.iicmarsiglia@esteri.it<\/a><\/p>\n","protected":false},"excerpt":{"rendered":"Approfondimento e pratica delle nozioni fondamentali della grammatica italiana A partire dal livello A2 Il mercoled\u00ec dalle 14:00 alle 16:00 &#8211; Un incontro al mese, da febbraio a maggio 2024. Calendario degli incontri: mercoled\u00ec 21 febbraio 2024 mercoled\u00ec 13 marzo 2024 mercoled\u00ec 03 aprile 2024 mercoled\u00ec 15 maggio 2024 Tariffa: 100\u20ac per il ciclo di [&hellip;]","protected":false},"author":4,"featured_media":0,"parent":3940,"menu_order":6,"comment_status":"closed","ping_status":"closed","template":"","meta":{"footnotes":""},"class_list":["post-4005","page","type-page","status-publish","hentry"],"_links":{"self":[{"href":"https:\/\/iicmarsiglia.esteri.it\/it\/wp-json\/wp\/v2\/pages\/4005","targetHints":{"allow":["GET"]}}],"collection":[{"href":"https:\/\/iicmarsiglia.esteri.it\/it\/wp-json\/wp\/v2\/pages"}],"about":[{"href":"https:\/\/iicmarsiglia.esteri.it\/it\/wp-json\/wp\/v2\/types\/page"}],"author":[{"embeddable":true,"href":"https:\/\/iicmarsiglia.esteri.it\/it\/wp-json\/wp\/v2\/users\/4"}],"replies":[{"embeddable":true,"href":"https:\/\/iicmarsiglia.esteri.it\/it\/wp-json\/wp\/v2\/comments?post=4005"}],"version-history":[{"count":3,"href":"https:\/\/iicmarsiglia.esteri.it\/it\/wp-json\/wp\/v2\/pages\/4005\/revisions"}],"predecessor-version":[{"id":4081,"href":"https:\/\/iicmarsiglia.esteri.it\/it\/wp-json\/wp\/v2\/pages\/4005\/revisions\/4081"}],"up":[{"embeddable":true,"href":"https:\/\/iicmarsiglia.esteri.it\/it\/wp-json\/wp\/v2\/pages\/3940"}],"wp:attachment":[{"href":"https:\/\/iicmarsiglia.esteri.it\/it\/wp-json\/wp\/v2\/media?parent=4005"}],"curies":[{"name":"wp","href":"https:\/\/api.w.org\/{rel}","templated":true}]}}